{"id":4896,"date":"2024-04-18T11:02:12","date_gmt":"2024-04-18T11:02:12","guid":{"rendered":"https:\/\/convert33.com\/?page_id=4896"},"modified":"2024-05-15T12:19:45","modified_gmt":"2024-05-15T12:19:45","slug":"mentions-legales","status":"publish","type":"page","link":"https:\/\/convixio.io\/de\/mentions-legales\/","title":{"rendered":"Rechtliche Hinweise"},"content":{"rendered":"<p>[et_pb_section fb_built=\"1\u2033 custom_padding_last_edited=\"on|phone\" module_class=\"legislation_bg_section\" _builder_version=\"4.17.6\u2033 _module_preset=\"default\" width=\"100%\" module_alignment=\"center\" custom_padding=\"||150px||false|false\" custom_padding_tablet=\"||150px||false|false\" custom_padding_phone=\"||60px||false|false\" background_image_phone=\"https:\/\/convixio.io\/wp-content\/uploads\/2024\/03\/Trace-167-1-1.png\" background_enable_image_phone=\"on\" locked=\"off\" collapsed=\"off\" global_colors_info=\"{}\" background_image=\"https:\/\/convixio.io\/wp-content\/uploads\/2024\/03\/Trace-167-1-1.png\" background_last_edited=\"on|phone\" background_position=\"bottom_center\" background_vertical_offset=\"-60px\"][et_pb_row column_structure=\"1_2,1_2\u2033 custom_padding_last_edited=\"on|phone\" _builder_version=\"4.17.6\u2033 _module_preset=\"default\" custom_padding=\"140px||0px||false|false\" custom_padding_tablet=\"140px||0px||false|false\" custom_padding_phone=\"20px||||false|false\" global_colors_info=\"{}\"][et_pb_column type=\"1_2\u2033 _builder_version=\"4.17.6\u2033 _module_preset=\"default\" global_colors_info=\"{}\"][et_pb_text _builder_version=\"4.17.6\u2033 _module_preset=\"default\" text_font=\"Poppins|700|||||||\" text_text_color=\"#226269\u2033 text_font_size=\"65px\" header_2_font=\"Poppins||||||||\" header_2_text_color=\"#226269\u2033 header_2_font_size=\"65px\" header_2_font_size_tablet=\"65px\" header_2_font_size_phone=\"32px\" header_2_font_size_last_edited=\"on|desktop\". global_colors_info=\"{}\" header_font=\"Poppins||||||||\" custom_margin=\"||30px||false|false\" custom_margin_tablet=\"||20px||false|false\" custom_margin_phone=\"||10px||false|false\" custom_margin_last_edited=\"on|phone\" custom_padding=\"||0px||false|false\" hover_enabled=\"0\u2033 sticky_enabled=\"0\u2033]<\/p>\n<h2 class=\"content\" style=\"text-align: center;\">Rechtliche Hinweise<\/h2>\n<p>[\/et_pb_text][et_pb_text disabled_on=\"off|off|off\" _builder_version=\"4.17.6\u2033 _module_preset=\"default\" text_font=\"Poppins|300|||||||\" text_text_color=\"#4e4e\" text_font_size=\"30px\" text_line_height=\"1.2em\" text_orientation=\"center\" text_font_size_tablet=\"30px\" text_font_size_phone=\"20px\" text_font_size_last_edited=\"on|phone\" global_colors_info=\"{}\" module_class=\"terif-text\" max_width=\"640px\" max_width_tablet=\"640px\" max_width_phone=\"640px\" max_width_last_edited=\"on|phone\" module_alignment=\"center\" custom_margin=\"||50px||false|false\" custom_margin_tablet=\"||40px||false|false\" custom_margin_phone=\"||40px||false|false\" custom_margin_last_edited=\"on|phone\"]Einfache Bedienung.[\/et_pb_text][\/et_pb_column][et_pb_column type=\"1_2\u2033 _builder_version=\"4.17.6\u2033 _module_preset=\"default\" background_enable_image=\"off\" background_size=\"contain\" background_position=\"bottom_right\" custom_padding=\"||||true|false\" custom_padding_tablet=\"100px||||false|false\" custom_padding_phone=\"40px||||false|false\" custom_padding_last_edited=\"on|tablet\" global_colors_info=\"{}\"][et_pb_divider show_divider=\"off\" disabled_on=\"off|off|off\" _builder_version=\"4.17.6\u2033 _module_preset=\"default\" global_colors_info=\"{}\"][\/et_pb_divider][et_pb_image src=\"https:\/\/convixio.io\/wp-content\/uploads\/2024\/03\/Taches0.png\" alt=\"Taches0\u2033 title_text=\"Taches0\u2033 align=\"right\" _builder_version=\"4.17.6\u2033 _module_preset=\"default\" max_width_tablet=\"\" max_width_phone=\"314px\" max_width_last_edited=\"on|phone\" max_height_tablet=\"\" max_height_phone=\"199px\" max_height_last_edited=\"on|phone\". global_colors_info=\"{}\"][\/et_pb_image][\/et_pb_column][\/et_pb_row][\/et_pb_section][et_pb_section fb_built=\"1\u2033 custom_padding_last_edited=\"on|phone\" _builder_version=\"4.17.6\u2033 _module_preset=\"default\" custom_padding=\"||54px||false|false\" custom_padding_tablet=\"||54px||false|false\" custom_padding_phone=\"0px||50px||false|false\" global_colors_info=\"{}\"][et_pb_row _builder_version=\"4.17.6\u2033 _module_preset=\"default\" global_colors_info=\"{}\" custom_padding=\"0px||||false|false\"][et_pb_column type=\"4_4\u2033 _builder_version=\"4.17.6\u2033 _module_preset=\"default\" global_colors_info=\"{}\"][et_pb_text module_class=\"section-legal\" _builder_version=\"4.17.6\u2033 _module_preset=\"default\" text_font=\"Poppins|300|||||||\" text_font_size=\"18px\" header_font=\"Poppins||||||||\" header_font_size=\"26px\" text_font_size_tablet=\"\" text_font_size_phone=\"16px\" text_font_size_last_edited=\"on|phone\" locked=\"off\" global_colors_info=\"{}\"]<\/p>\n<h3><span>Pr\u00e4ambel<\/span><\/h3>\n<p>Letzte Aktualisierung durchgef\u00fchrt am: 26. M\u00e4rz 2024<\/p>\n<p><strong>JMM PUBLISHING LTD<br \/>167-169 Great Portland Street W1W 5PF London<br \/>Firmennummer 12642117 und VAT. GB 364 3536 90<\/strong><\/p>\n<p>Der fortlaufende Zugriff auf und die Nutzung unserer Website <a href=\"https:\/\/convixio.io\/de\/\">https:\/\/convixio.io\/<\/a> (im Folgenden \"Website\") setzt voraus, dass Personen, die die Website besuchen (im Folgenden \"Nutzer\"), den unten aufgef\u00fchrten Allgemeinen Gesch\u00e4ftsbedingungen (im Folgenden \"AGB\") in vollem Umfang zustimmen. Der Nutzer muss best\u00e4tigen, dass er diese Bedingungen zur Kenntnis genommen hat und ihnen zustimmt, bevor er die auf unserer Website angebotenen Dienste nutzt.<\/p>\n<p>Nur die Version der AGB, die derzeit online ist, gilt f\u00fcr die gesamte Dauer der Nutzung der Website als g\u00fcltig, bis sie durch eine sp\u00e4tere Version ersetzt wird.<\/p>\n<p>Die Website wird von JMM PUBLISHING LTD (hier als \"der Verk\u00e4ufer\" bezeichnet) betrieben, der das Recht hat, diese Bedingungen nach eigenem Ermessen zu \u00e4ndern. Die Fortsetzung des Besuchs unserer Website nach einer Aktualisierung der AGB stellt eine verbindliche Annahme der \u00fcberarbeiteten Version durch den Nutzer dar. Wenn der Nutzer mit den aktuellen AGB nicht einverstanden ist, wird er dazu angehalten, die Nutzung der Website einzustellen.<\/p>\n<h3><span>Artikel 1 - Glossar<\/span><\/h3>\n<p>Auf unserer Webplattform sind die folgenden Ausdr\u00fccke wie folgt definiert:<\/p>\n<ul>\n<li><strong>Inhalt<\/strong> : Entspricht der Gesamtheit der Komponenten, die den auf unserer Website zug\u00e4nglichen Inhalt bilden (Texte, Bilder, Videos, Algorithmen, Software, Widgets usw.). Dieser Inhalt erf\u00fcllt mehrere Aufgaben, u. a. das reibungslose Funktionieren der Website zu gew\u00e4hrleisten, den Nutzer zu informieren und unsere Angebote zu pr\u00e4sentieren.<\/li>\n<li><strong>Rechte an geistigem Eigentum<\/strong> : Umfasst alle Rechte im Zusammenhang mit geistigem Eigentum sowie die damit verbundenen Rechte (Urheberrechte, Marken, Patente, Handelsnamen, Datenbanken usw.), die durch die Urheberrechtsgesetze von 2000 und die damit verbundenen Rechte gesch\u00fctzt sind, die zum Zeitpunkt des Besuchs der Website durch den Nutzer gelten.<\/li>\n<li><strong>Funktionen<\/strong> : Bezieht sich auf alle Dienste und Optionen, die den Nutzern \u00fcber unsere Seite angeboten werden.<\/li>\n<li><strong>Website<\/strong> : Verweist auf die Website <a href=\"https:\/\/convixio.io\/de\/\">https:\/\/convixio.io\/<\/a>Die Website wird vom Verk\u00e4ufer verwaltet und ist den Nutzern zug\u00e4nglich.<\/li>\n<li><strong>Benutzer<\/strong> : Bezeichnet jede Person, die auf unserer Seite surft und auf ihre Inhalte zugreift.<\/li>\n<\/ul>\n<h3><span>Artikel 2 - Rechtliche Hinweise<\/span><\/h3>\n<p>Gem\u00e4\u00df der Verordnung (EU) 2016\/679 des Europ\u00e4ischen Parlaments und des Rates vom 27. April 2016 zum Schutz nat\u00fcrlicher Personen bei der Verarbeitung personenbezogener Daten und zum freien Datenverkehr werden den Nutzern unserer Website folgende Informationen \u00fcber die verschiedenen Akteure, die an der Erstellung und Verwaltung unserer Website beteiligt sind, mitgeteilt:<\/p>\n<p>Diese Website, convixio.io, wird betrieben von :<\/p>\n<ul>\n<li>Name des Unternehmens: Data-Hope<\/li>\n<li>Eingetragene Unternehmensnummer: B16685935<\/li>\n<li>Umsatzsteuer-Identifikationsnummer: ESB16685935<\/li>\n<li>Adresse: Pau Casals 10 Atico 4, 08021 Barcelona, Spanien<\/li>\n<\/ul>\n<p>Webhoster: Namecheap, Inc., 4600 East Washington Street, Suite 305, Phoenix, AZ 85034, USA. Weitere Informationen sind verf\u00fcgbar unter <a href=\"https:\/\/www.namecheap.com\/\">https:\/\/www.namecheap.com\/<\/a>.<\/p>\n<h3><span>Artikel 3 - Schutz pers\u00f6nlicher Daten<\/span><\/h3>\n<p>Beim Zugriff auf und der Nutzung unserer Website f\u00fchren wir die Verarbeitung bestimmter personenbezogener Daten des Nutzers durch. Diese Verarbeitung erfolgt in \u00dcbereinstimmung mit der Datenschutzgesetzgebung von 2018 sowie in \u00dcbereinstimmung mit unserer Datenschutzrichtlinie, die \u00fcber den folgenden Link zug\u00e4nglich ist: <a href=\"https:\/\/convixio.io\/de\/politique-de-confidentialite\/\">https:\/\/convixio.io\/politique-de-confidentialite\/<\/a><\/p>\n<h3><span>Artikel 4 - Zug\u00e4nglichkeit der Website<\/span><\/h3>\n<p>Der Zugang zu dieser Website und ihre Nutzung sind ausschlie\u00dflich f\u00fcr pers\u00f6nliche Zwecke bestimmt. Der Nutzer verpflichtet sich, die Website und die darin enthaltenen Informationen oder Daten nicht f\u00fcr kommerzielle, politische oder Werbezwecke zu nutzen, einschlie\u00dflich jeglicher Form der kommerziellen Kundenwerbung, wie z. B. das Versenden von unaufgeforderten E-Mails.<\/p>\n<p>Der Zugriff auf die Website ist nur Erwachsenen gestattet. Der Verk\u00e4ufer beh\u00e4lt sich das Recht vor, einen Altersnachweis zu verlangen, insbesondere von den Nutzern der Online-Bestelldienste. Der Verk\u00e4ufer haftet nicht f\u00fcr den Fall, dass Minderj\u00e4hrige auf die Website zugreifen, oder f\u00fcr falsche oder irref\u00fchrende Informationen, die von Nutzern auf der Website bereitgestellt werden.<\/p>\n<p>Die Nutzer \u00fcbernehmen die Verantwortung f\u00fcr die Bereitstellung der f\u00fcr den Zugriff auf die Website erforderlichen Informatik- und Telekommunikationsmittel. Sie tragen auch die Telekommunikationskosten, die durch den Internetzugang zur Nutzung der Website entstehen.<\/p>\n<h3><span>Artikel 5 - Beschreibung der erbrachten Leistungen<\/span><\/h3>\n<p>Wir bem\u00fchen uns, die Informationen so genau wie m\u00f6glich anzubieten. Wir k\u00f6nnen jedoch nicht f\u00fcr Auslassungen, Ungenauigkeiten oder fehlende Aktualisierungen haftbar gemacht werden. Alle Informationen auf der Website dienen lediglich der Information, erheben keinen Anspruch auf Vollst\u00e4ndigkeit und k\u00f6nnen nach ihrer Ver\u00f6ffentlichung \u00c4nderungen unterliegen.<\/p>\n<h3><span>Artikel 6 - Geistiges Eigentum<\/span><\/h3>\n<p>6.1 Unsere Plattform<\/p>\n<p>Die verschiedenen Elemente der Website, einschlie\u00dflich, aber nicht beschr\u00e4nkt auf Marken, Fotografien, Texte, Kommentare, Illustrationen, Bilder, Videos, T\u00f6ne sowie alle Computeranwendungen, die f\u00fcr den Betrieb dieser Website verwendet werden k\u00f6nnen, und im weiteren Sinne alle auf der Website reproduzierten oder verwendeten Elemente, sind durch die aktuellen Gesetze \u00fcber geistiges Eigentum gesch\u00fctzt und geh\u00f6ren vollst\u00e4ndig dem Verk\u00e4ufer oder seinen Partnern. Jede Vervielf\u00e4ltigung, Darstellung, Nutzung oder Anpassung, in welcher Form auch immer, aller oder eines Teils dieser Elemente, einschlie\u00dflich der Computeranwendungen, ohne vorherige schriftliche Genehmigung des Rechteinhabers ist strengstens untersagt. Wenn der Herausgeber nicht unmittelbar nach Kenntnisnahme von diesen unerlaubten Nutzungen rechtliche Schritte einleitet, gilt dies nicht als Zustimmung zu diesen Nutzungen oder als Verzicht auf rechtliche Schritte.<\/p>\n<p>Dem Nutzer der Website ist es insbesondere untersagt, :<\/p>\n<ul>\n<li>Kopieren, Vervielf\u00e4ltigen, Darstellen, Verbreiten, Verteilen oder Ver\u00f6ffentlichen, dauerhaft oder vor\u00fcbergehend, des Inhalts der Website oder eines Teils davon mit jedem Mittel und in jeder Form.<\/li>\n<li>Abgeleitete Werke aus dem Inhalt der Website erstellen.<\/li>\n<li>\u00c4ndern, \u00dcbersetzen, Anpassen, Arrangieren des gesamten Inhalts der Website oder eines Teils davon.<\/li>\n<li>Disassemblieren, Dekompilieren oder Zur\u00fcckentwickeln der gesamten Website oder von Teilen davon.<\/li>\n<\/ul>\n<p>Der Nutzer ist allein verantwortlich f\u00fcr die Art und Weise, wie er die Website nutzt. Jede nicht genehmigte Nutzung der Website oder ihrer Inhalte gilt als Versto\u00df gegen die Gesetze zum Schutz geistigen Eigentums.<\/p>\n<p>6.2 Unsere Marke<\/p>\n<p>Die Marken, ob Wort- oder Bildmarken (Logo), die dem Verk\u00e4ufer und JMM PUBLISHING LTD geh\u00f6ren, sind gesch\u00fctzt. Ihre Nutzung ohne die vorherige schriftliche Genehmigung des Verk\u00e4ufers oder seiner Partner zu irgendeinem Zweck, insbesondere zu kommerziellen Zwecken oder zur F\u00f6rderung von Produkten oder Dienstleistungen, ist strengstens verboten und setzt den Nutzer und\/oder die verantwortlichen Dritten straf- und zivilrechtlicher Verfolgung aus.<\/p>\n<p>6.3 Inhalte<\/p>\n<p>Obwohl der Inhalt auf der Seite frei zug\u00e4nglich ist, stellt dies keine \u00dcbertragung von Urheber- oder Eigentumsrechten an diesem Inhalt dar. Der Inhalt bleibt das alleinige Eigentum des Verk\u00e4ufers und seiner Beitragenden.<\/p>\n<p>Die Nutzer sind verpflichtet, keine Ma\u00dfnahmen zu ergreifen, die gegen Urheberrechte, geistige Eigentumsrechte oder andere englische und internationale Gesetze zum Schutz geistigen Eigentums versto\u00dfen. Der Verk\u00e4ufer und seine Mitwirkenden behalten sich das Recht vor, rechtliche Schritte gegen jeden Nutzer einzuleiten, der gegen diese AGB verst\u00f6\u00dft.<\/p>\n<h3><span>Artikel 7 - Verwaltung der Website<\/span><\/h3>\n<p>Unsere Plattform ist f\u00fcr die Nutzer im Allgemeinen jederzeit zug\u00e4nglich. Der Verk\u00e4ufer beh\u00e4lt sich jedoch das Recht vor, f\u00fcr die optimale Verwaltung der Website :<\/p>\n<ul>\n<li>den Zugang zur gesamten Website oder zu Teilen davon aus beliebigem Grund und ohne Angabe von Gr\u00fcnden nach eigenem Ermessen auszusetzen, zu unterbrechen oder zu beschr\u00e4nken.<\/li>\n<li>Nach eigenem Ermessen und ohne Vorank\u00fcndigung alle Daten l\u00f6schen, die den ordnungsgem\u00e4\u00dfen Betrieb beeintr\u00e4chtigen k\u00f6nnten.<\/li>\n<li>Die Seite pausieren, um technische oder andere Aktualisierungen vorzunehmen.<\/li>\n<\/ul>\n<p>Der Verk\u00e4ufer verpflichtet sich, die Nutzer im Rahmen des M\u00f6glichen \u00fcber die Daten und Zeiten dieser Eingriffe zu informieren. Er kann jedoch nicht haftbar gemacht werden, wenn diese Mitteilung nicht stattfindet.<\/p>\n<h3><span>Artikel 8 - Verantwortlichkeiten<\/span><\/h3>\n<p>Der Verk\u00e4ufer bem\u00fcht sich, die Verf\u00fcgbarkeit der Website 24 Stunden am Tag und 7 Tage die Woche sicherzustellen. Der kontinuierliche und fehlerfreie Zugang zur Website wird jedoch nicht garantiert, und der Verk\u00e4ufer kann nicht f\u00fcr die Nichtverf\u00fcgbarkeit oder St\u00f6rung des Zugangs zur Website und ihrer Funktionen haftbar gemacht werden.<\/p>\n<p>Es ist auch wichtig zu beachten, dass der Verk\u00e4ufer und der Hosting-Provider nicht f\u00fcr Verbindungsprobleme verantwortlich sind, die durch Probleme mit dem Internet, den Telefonleitungen oder der Computerhardware verursacht werden und die den Zugang zur Website verhindern k\u00f6nnten.<\/p>\n<p>Hinsichtlich der gesetzlichen Haftung sind die Nutzer allein f\u00fcr ihre Nutzung der Website verantwortlich und m\u00fcssen die vorliegenden Allgemeinen Nutzungsbedingungen einhalten. Der Verk\u00e4ufer lehnt jede Haftung f\u00fcr Sch\u00e4den ab, die sich aus der Nutzung der Seite oder aus der Nichteinhaltung der AGB ergeben.<\/p>\n<p>Was die Ausr\u00fcstung betrifft, die f\u00fcr den Zugriff auf die Website verwendet wird, so liegt es vollst\u00e4ndig in der Verantwortung des Nutzers, daf\u00fcr zu sorgen, dass seine Ausr\u00fcstung sicher, aktuell und frei von Viren ist. Der Verk\u00e4ufer haftet nicht f\u00fcr Sch\u00e4den, die an der Ausr\u00fcstung oder den Daten des Nutzers beim Zugriff auf die Website entstehen k\u00f6nnen. Dar\u00fcber hinaus haftet der Verk\u00e4ufer nicht f\u00fcr indirekte Verluste wie entgangene Gesch\u00e4fte oder Chancen, die sich aus der Nutzung der Website ergeben.<\/p>\n<h3><span>Artikel 9 - Fotografien und Darstellung von Produkten und Dienstleistungen<\/span><\/h3>\n<p>Die auf der Website vorhandenen Fotos, die ihre Beschreibung begleiten, sind nicht vertraglich bindend und verpflichten den Verk\u00e4ufer nicht.<\/p>\n<h3><span>Artikel 10 - Hyperlinks<\/span><\/h3>\n<p>Nutzer k\u00f6nnen Hypertext-Links erstellen, die auf einen Teil oder die gesamte Website verweisen, sofern sie zuvor eine schriftliche Genehmigung von JMM PUBLISHING LTD erhalten haben, die per E-Mail an contact.convixio@gmail.com angefordert werden kann.<\/p>\n<p>Der Seiteninhaber beh\u00e4lt sich das Recht vor, die Genehmigung ohne Angabe von Gr\u00fcnden zu verweigern. Wird die Genehmigung erteilt, bleibt sie vorl\u00e4ufig und kann jederzeit ohne Angabe von Gr\u00fcnden widerrufen werden, was die sofortige L\u00f6schung aller eingerichteten Links auf einfache Anfrage des Seiteninhabers erfordert.<\/p>\n<p>Obwohl die Website Hyperlinks zu anderen Websites mit Zustimmung des Eigent\u00fcmers enth\u00e4lt, ist es wichtig zu beachten, dass unser Unternehmen nicht in der Lage ist, den Inhalt dieser externen Websites zu kontrollieren, und daher keine Verantwortung f\u00fcr diesen Inhalt \u00fcbernimmt.<\/p>\n<h3><span>Artikel 11 - Teilnichtigkeit<\/span><\/h3>\n<p>Die Tatsache, dass JMM PUBLISHING LTD eine oder mehrere der hier festgelegten Bedingungen vor\u00fcbergehend nicht geltend macht, ist keinesfalls als Verzicht auf das Recht von JMM PUBLISHING LTD zu verstehen, sich zu irgendeinem Zeitpunkt auf diese Bedingungen zu berufen.<\/p>\n<p>Sollte eine oder mehrere Klauseln dieser Allgemeinen Gesch\u00e4ftsbedingungen aufgrund eines Gesetzes, einer Verordnung oder eines rechtskr\u00e4ftig gewordenen Gerichtsurteils f\u00fcr nichtig, ung\u00fcltig oder nicht durchsetzbar gehalten werden, bleiben die \u00fcbrigen Klauseln in Kraft und behalten ihre volle Wirkung.<\/p>\n<h3><span>Artikel 12 - Sprache<\/span><\/h3>\n<p>Falls die vorliegenden ANB in eine oder mehrere Sprachen \u00fcbersetzt werden, gilt die englische Sprache als Auslegungssprache.<\/p>\n<h3><span>Artikel 13 - Anwendbares Recht<\/span><\/h3>\n<p>Diese Website-AGB unterliegen englischem Recht und unterliegen - im Falle eines Rechtsstreits - der ausschlie\u00dflichen Zust\u00e4ndigkeit der zust\u00e4ndigen Gerichte nach allgemeinem Recht, vorbehaltlich einer besonderen Zust\u00e4ndigkeitszuweisung, die sich aus einem bestimmten Gesetzestext oder einer bestimmten Regelung ergibt.<\/p>\n<h3><span>Artikel 14 - Kontaktaufnahme mit uns<\/span><\/h3>\n<p>Bei Fragen, Informationen zu den auf der Website dargestellten Diensten oder zur Website selbst kann der Nutzer eine Nachricht unter folgender Adresse hinterlassen: contact.convixio@gmail.com.<\/p>\n<p>[\/et_pb_text][\/et_pb_column][\/et_pb_row][\/et_pb_section]<\/p>","protected":false},"excerpt":{"rendered":"<p>Rechtliche HinweiseEinfache Bedienung.Pr\u00e4ambel Zuletzt aktualisiert am: 26. M\u00e4rz 2024 JMM PUBLISHING LTD167-169 Great Portland Street W1W 5PF LondonUnternehmensnummer 12642117 und VAT. GB 364 3536 90 Der fortgesetzte Zugriff auf und die Nutzung unserer Website https:\/\/convixio.io\/ (im Folgenden \"Website\") setzt voraus, dass die Personen, die die Website besuchen (im Folgenden [...])<\/p>","protected":false},"author":1,"featured_media":0,"parent":0,"menu_order":0,"comment_status":"closed","ping_status":"closed","template":"","meta":{"_et_pb_use_builder":"on","_et_pb_old_content":"","_et_gb_content_width":"","footnotes":""},"class_list":["post-4896","page","type-page","status-publish","hentry"],"yoast_head":"<!-- This site is optimized with the Yoast SEO plugin v26.0 - https:\/\/yoast.com\/wordpress\/plugins\/seo\/ -->\n<title>Mentions l\u00e9gales - Convixio<\/title>\n<meta name=\"robots\" content=\"index, follow, max-snippet:-1, max-image-preview:large, max-video-preview:-1\" \/>\n<link rel=\"canonical\" href=\"https:\/\/convixio.io\/de\/mentions-legales\/\" \/>\n<meta property=\"og:locale\" content=\"de_DE\" \/>\n<meta property=\"og:type\" content=\"article\" \/>\n<meta property=\"og:title\" content=\"Mentions l\u00e9gales - Convixio\" \/>\n<meta property=\"og:description\" content=\"Mentions l\u00e9galesUn fonctionnement simple.Pr\u00e9ambule Derni\u00e8re mise \u00e0 jour effectu\u00e9e le : 26 mars 2024 JMM PUBLISHING LTD167-169 Great Portland Street W1W 5PF LondonNum\u00e9ro de soci\u00e9t\u00e9 12642117 et VAT. GB 364 3536 90 L\u2019acc\u00e8s continu et l\u2019utilisation de notre site web https:\/\/convixio.io\/ (ci-apr\u00e8s, le \u00ab Site \u00bb) pr\u00e9supposent que les personnes visitant le Site (ci-apr\u00e8s, les [&hellip;]\" \/>\n<meta property=\"og:url\" content=\"https:\/\/convixio.io\/de\/mentions-legales\/\" \/>\n<meta property=\"og:site_name\" content=\"Convixio\" \/>\n<meta property=\"article:modified_time\" content=\"2024-05-15T12:19:45+00:00\" \/>\n<meta name=\"twitter:card\" content=\"summary_large_image\" \/>\n<meta name=\"twitter:label1\" content=\"Gesch\u00e4tzte Lesezeit\" \/>\n\t<meta name=\"twitter:data1\" content=\"16\u00a0Minuten\" \/>\n<script type=\"application\/ld+json\" class=\"yoast-schema-graph\">{\"@context\":\"https:\/\/schema.org\",\"@graph\":[{\"@type\":\"WebPage\",\"@id\":\"https:\/\/convixio.io\/mentions-legales\/\",\"url\":\"https:\/\/convixio.io\/mentions-legales\/\",\"name\":\"Mentions l\u00e9gales - Convixio\",\"isPartOf\":{\"@id\":\"https:\/\/convixio.io\/#website\"},\"datePublished\":\"2024-04-18T11:02:12+00:00\",\"dateModified\":\"2024-05-15T12:19:45+00:00\",\"breadcrumb\":{\"@id\":\"https:\/\/convixio.io\/mentions-legales\/#breadcrumb\"},\"inLanguage\":\"de\",\"potentialAction\":[{\"@type\":\"ReadAction\",\"target\":[\"https:\/\/convixio.io\/mentions-legales\/\"]}]},{\"@type\":\"BreadcrumbList\",\"@id\":\"https:\/\/convixio.io\/mentions-legales\/#breadcrumb\",\"itemListElement\":[{\"@type\":\"ListItem\",\"position\":1,\"name\":\"Home\",\"item\":\"https:\/\/convixio.io\/\"},{\"@type\":\"ListItem\",\"position\":2,\"name\":\"Mentions l\u00e9gales\"}]},{\"@type\":\"WebSite\",\"@id\":\"https:\/\/convixio.io\/#website\",\"url\":\"https:\/\/convixio.io\/\",\"name\":\"Convixio\",\"description\":\"Convertissez vos fichiers en un clin d&#039;oeil\",\"potentialAction\":[{\"@type\":\"SearchAction\",\"target\":{\"@type\":\"EntryPoint\",\"urlTemplate\":\"https:\/\/convixio.io\/?s={search_term_string}\"},\"query-input\":{\"@type\":\"PropertyValueSpecification\",\"valueRequired\":true,\"valueName\":\"search_term_string\"}}],\"inLanguage\":\"de\"}]}<\/script>\n<!-- \/ Yoast SEO plugin. -->","yoast_head_json":{"title":"Mentions l\u00e9gales - Convixio","robots":{"index":"index","follow":"follow","max-snippet":"max-snippet:-1","max-image-preview":"max-image-preview:large","max-video-preview":"max-video-preview:-1"},"canonical":"https:\/\/convixio.io\/de\/mentions-legales\/","og_locale":"de_DE","og_type":"article","og_title":"Mentions l\u00e9gales - Convixio","og_description":"Mentions l\u00e9galesUn fonctionnement simple.Pr\u00e9ambule Derni\u00e8re mise \u00e0 jour effectu\u00e9e le : 26 mars 2024 JMM PUBLISHING LTD167-169 Great Portland Street W1W 5PF LondonNum\u00e9ro de soci\u00e9t\u00e9 12642117 et VAT. GB 364 3536 90 L\u2019acc\u00e8s continu et l\u2019utilisation de notre site web https:\/\/convixio.io\/ (ci-apr\u00e8s, le \u00ab Site \u00bb) pr\u00e9supposent que les personnes visitant le Site (ci-apr\u00e8s, les [&hellip;]","og_url":"https:\/\/convixio.io\/de\/mentions-legales\/","og_site_name":"Convixio","article_modified_time":"2024-05-15T12:19:45+00:00","twitter_card":"summary_large_image","twitter_misc":{"Gesch\u00e4tzte Lesezeit":"16\u00a0Minuten"},"schema":{"@context":"https:\/\/schema.org","@graph":[{"@type":"WebPage","@id":"https:\/\/convixio.io\/mentions-legales\/","url":"https:\/\/convixio.io\/mentions-legales\/","name":"Mentions l\u00e9gales - Convixio","isPartOf":{"@id":"https:\/\/convixio.io\/#website"},"datePublished":"2024-04-18T11:02:12+00:00","dateModified":"2024-05-15T12:19:45+00:00","breadcrumb":{"@id":"https:\/\/convixio.io\/mentions-legales\/#breadcrumb"},"inLanguage":"de","potentialAction":[{"@type":"ReadAction","target":["https:\/\/convixio.io\/mentions-legales\/"]}]},{"@type":"BreadcrumbList","@id":"https:\/\/convixio.io\/mentions-legales\/#breadcrumb","itemListElement":[{"@type":"ListItem","position":1,"name":"Home","item":"https:\/\/convixio.io\/"},{"@type":"ListItem","position":2,"name":"Mentions l\u00e9gales"}]},{"@type":"WebSite","@id":"https:\/\/convixio.io\/#website","url":"https:\/\/convixio.io\/","name":"Convixio","description":"Konvertieren Sie Ihre Dateien im Handumdrehen&#039;um","potentialAction":[{"@type":"SearchAction","target":{"@type":"EntryPoint","urlTemplate":"https:\/\/convixio.io\/?s={search_term_string}"},"query-input":{"@type":"PropertyValueSpecification","valueRequired":true,"valueName":"search_term_string"}}],"inLanguage":"de"}]}},"_links":{"self":[{"href":"https:\/\/convixio.io\/de\/wp-json\/wp\/v2\/pages\/4896","targetHints":{"allow":["GET"]}}],"collection":[{"href":"https:\/\/convixio.io\/de\/wp-json\/wp\/v2\/pages"}],"about":[{"href":"https:\/\/convixio.io\/de\/wp-json\/wp\/v2\/types\/page"}],"author":[{"embeddable":true,"href":"https:\/\/convixio.io\/de\/wp-json\/wp\/v2\/users\/1"}],"replies":[{"embeddable":true,"href":"https:\/\/convixio.io\/de\/wp-json\/wp\/v2\/comments?post=4896"}],"version-history":[{"count":12,"href":"https:\/\/convixio.io\/de\/wp-json\/wp\/v2\/pages\/4896\/revisions"}],"predecessor-version":[{"id":5174,"href":"https:\/\/convixio.io\/de\/wp-json\/wp\/v2\/pages\/4896\/revisions\/5174"}],"wp:attachment":[{"href":"https:\/\/convixio.io\/de\/wp-json\/wp\/v2\/media?parent=4896"}],"curies":[{"name":"wp","href":"https:\/\/api.w.org\/{rel}","templated":true}]}}