{"id":4916,"date":"2024-04-18T14:55:14","date_gmt":"2024-04-18T14:55:14","guid":{"rendered":"https:\/\/convert33.com\/?page_id=4916"},"modified":"2024-05-15T12:25:24","modified_gmt":"2024-05-15T12:25:24","slug":"conditions-de-paiement-recurrent","status":"publish","type":"page","link":"https:\/\/convixio.io\/en\/conditions-de-paiement-recurrent\/","title":{"rendered":"Recurring payment terms"},"content":{"rendered":"<p>[et_pb_section fb_built=\"1\u2033 custom_padding_last_edited=\"on|phone\" module_class=\"legislation_bg_section\" _builder_version=\"4.17.6\u2033 _module_preset=\"default\" width=\"100%\" module_alignment=\"center\" custom_padding=\"||150px||false|false\" custom_padding_tablet=\"||150px||false|false\" custom_padding_phone=\"||60px||false|false\" background_image_phone=\"https:\/\/convixio.io\/wp-content\/uploads\/2024\/03\/Trace-167-1-1.png\" background_enable_image_phone=\"on\" locked=\"off\" collapsed=\"off\" global_colors_info=\"{}\" background_image=\"https:\/\/convixio.io\/wp-content\/uploads\/2024\/03\/Trace-167-1-1.png\" background_last_edited=\"on|phone\" background_position=\"bottom_center\" background_vertical_offset=\"-60px\"][et_pb_row column_structure=\"1_2,1_2\u2033 custom_padding_last_edited=\"on|phone\" _builder_version=\"4.17.6\u2033 _module_preset=\"default\" custom_padding=\"140px||0px||false|false\" custom_padding_tablet=\"140px||0px||false|false\" custom_padding_phone=\"20px||||false|false\" global_colors_info=\"{}\"][et_pb_column type=\"1_2\u2033 _builder_version=\"4.17.6\u2033 _module_preset=\"default\" global_colors_info=\"{}\"][et_pb_text _builder_version=\"4.17.6\u2033 _module_preset=\"default\" text_font=\"Poppins|700|||||||\" text_text_color=\"#226269\u2033 text_font_size=\"65px\" header_2_font=\"Poppins||||||||\" header_2_text_color=\"#226269\u2033 header_2_font_size=\"65px\" header_2_font_size_tablet=\"65px\" header_2_font_size_phone=\"32px\" header_2_font_size_last_edited=\"on|desktop\" global_colors_info=\"{}\" header_font=\"Poppins||||||||\" custom_margin=\"||30px||false|false\" custom_margin_tablet=\"||20px||false|false\" custom_margin_phone=\"||10px||false|false\" custom_margin_last_edited=\"on|phone\" custom_padding=\"||0px||false|false\" hover_enabled=\"0\u2033 sticky_enabled=\"0\u2033]<\/p>\n<h2 class=\"content\" style=\"text-align: center;\">Recurring payment terms<\/h2>\n<p>[\/et_pb_text][et_pb_text disabled_on=&#8221;off|off|off&#8221; _builder_version=&#8221;4.17.6&#8243; _module_preset=&#8221;default&#8221; text_font=&#8221;Poppins|300|||||||&#8221; text_text_color=&#8221;#4e4e4e&#8221; text_font_size=&#8221;30px&#8221; text_line_height=&#8221;1.2em&#8221; text_orientation=&#8221;center&#8221; text_font_size_tablet=&#8221;30px&#8221; text_font_size_phone=&#8221;20px&#8221; text_font_size_last_edited=&#8221;on|phone&#8221; global_colors_info=&#8221;{}&#8221; module_class=&#8221;terif-text&#8221; max_width=&#8221;640px&#8221; max_width_tablet=&#8221;640px&#8221; max_width_phone=&#8221;640px&#8221; max_width_last_edited=&#8221;on|phone&#8221; module_alignment=&#8221;center&#8221; custom_margin=&#8221;||50px||false|false&#8221; custom_margin_tablet=&#8221;||40px||false|false&#8221; custom_margin_phone=&#8221;||40px||false|false&#8221; custom_margin_last_edited=&#8221;on|phone&#8221;]Un fonctionnement simple.[\/et_pb_text][\/et_pb_column][et_pb_column type=&#8221;1_2&#8243; _builder_version=&#8221;4.17.6&#8243; _module_preset=&#8221;default&#8221; background_enable_image=&#8221;off&#8221; background_size=&#8221;contain&#8221; background_position=&#8221;bottom_right&#8221; custom_padding=&#8221;||||true|false&#8221; custom_padding_tablet=&#8221;100px||||false|false&#8221; custom_padding_phone=&#8221;40px||||false|false&#8221; custom_padding_last_edited=&#8221;on|tablet&#8221; global_colors_info=&#8221;{}&#8221;][et_pb_divider show_divider=&#8221;off&#8221; disabled_on=&#8221;off|off|off&#8221; _builder_version=&#8221;4.17.6&#8243; _module_preset=&#8221;default&#8221; global_colors_info=&#8221;{}&#8221;][\/et_pb_divider][et_pb_image src=&#8221;https:\/\/convixio.io\/wp-content\/uploads\/2024\/03\/Taches0.png&#8221; alt=&#8221;Taches0&#8243; title_text=&#8221;Taches0&#8243; align=&#8221;right&#8221; _builder_version=&#8221;4.17.6&#8243; _module_preset=&#8221;default&#8221; global_colors_info=&#8221;{}&#8221; max_width_phone=&#8221;314px&#8221; max_width_last_edited=&#8221;on|phone&#8221; max_height_phone=&#8221;199px&#8221; max_height_last_edited=&#8221;on|phone&#8221;][\/et_pb_image][\/et_pb_column][\/et_pb_row][\/et_pb_section][et_pb_section fb_built=&#8221;1&#8243; custom_padding_last_edited=&#8221;on|phone&#8221; _builder_version=&#8221;4.17.6&#8243; _module_preset=&#8221;default&#8221; custom_padding=&#8221;||54px||false|false&#8221; custom_padding_tablet=&#8221;||54px||false|false&#8221; custom_padding_phone=&#8221;0px||50px||false|false&#8221; global_colors_info=&#8221;{}&#8221;][et_pb_row _builder_version=&#8221;4.17.6&#8243; _module_preset=&#8221;default&#8221; global_colors_info=&#8221;{}&#8221; custom_padding=&#8221;0px||||false|false&#8221;][et_pb_column type=&#8221;4_4&#8243; _builder_version=&#8221;4.17.6&#8243; _module_preset=&#8221;default&#8221; global_colors_info=&#8221;{}&#8221;][et_pb_text module_class=&#8221;section-legal&#8221; _builder_version=&#8221;4.17.6&#8243; _module_preset=&#8221;default&#8221; text_font=&#8221;Poppins|300|||||||&#8221; text_font_size=&#8221;18px&#8221; header_font=&#8221;Poppins||||||||&#8221; header_font_size=&#8221;26px&#8221; text_font_size_tablet=&#8221;&#8221; text_font_size_phone=&#8221;16px&#8221; text_font_size_last_edited=&#8221;on|phone&#8221; locked=&#8221;off&#8221; global_colors_info=&#8221;{}&#8221;]<\/p>\n<h3><span>Subscription conditions<\/span><\/h3>\n<p><strong>Recent update:<\/strong> 30 March 2023<\/p>\n<p><strong>JMM PUBLISHING LTD<\/strong><br \/>\n<strong>Address:<\/strong> 167-169 Great Portland Street, W1W 5PF, London<br \/>\n<strong>Company registration number :<\/strong> 12642117 and VAT number: GB 364 3536 90<\/p>\n<p>Subscribing to the services of JMM PUBLISHING LTD offers the following privileges:<\/p>\n<ul>\n<li>Unlimited access to tests<\/li>\n<li>Retention of all test results<\/li>\n<li>Test results can be compared<\/li>\n<li>Option to send results by email<\/li>\n<\/ul>\n<p>Your subscription activates access to the member area for 24 hours at a promotional rate of \u20ac0.5 incl. VAT. At the end of this trial period, the subscription is automatically renewed at the rate of \u20ac47.5 per month, including VAT. This amount will be debited automatically from your credit card each month on the anniversary date of your subscription.<\/p>\n<p>You can cancel your subscription at any time, without any conditions, directly via this page: <a href=\"https:\/\/convixio.io\/en\/se-desabonner\/\">https:\/\/convixio.io\/se-desabonner\/<\/a><\/p>\n<p>For cancellations, please contact our Customer Service department by e-mail at <a href=\"mailto:contact.convixio@gmail.com\">contact.convixio@gmail.com<\/a>or use our contact form here : <a href=\"https:\/\/convixio.io\/en\/contact\/\">https:\/\/convixio.io\/contact\/<\/a><\/p>\n<p>JMM PUBLISHING LTD will not sell customer information. Personal data is collected solely for the purpose of communicating with customers and providing them with the expected level of service.<\/p>\n<p>We only work with payment service providers that comply with PCI DSS security standards.<\/p>\n<p>[\/et_pb_text][\/et_pb_column][\/et_pb_row][\/et_pb_section]<\/p>","protected":false},"excerpt":{"rendered":"<p>Conditions de paiement r\u00e9currentUn fonctionnement simple.Conditions d\u2019abonnement Mise \u00e0 jour r\u00e9cente : 30 mars 2023 JMM PUBLISHING LTD Adresse : 167-169 Great Portland Street, W1W 5PF, Londres Num\u00e9ro d\u2019enregistrement de l\u2019entreprise : 12642117 et num\u00e9ro de TVA : GB 364 3536 90 S\u2019abonner aux services de JMM PUBLISHING LTD offre les privil\u00e8ges suivants : Acc\u00e8s [&hellip;]<\/p>","protected":false},"author":1,"featured_media":0,"parent":0,"menu_order":0,"comment_status":"closed","ping_status":"closed","template":"","meta":{"_et_pb_use_builder":"on","_et_pb_old_content":"","_et_gb_content_width":"","footnotes":""},"class_list":["post-4916","page","type-page","status-publish","hentry"],"yoast_head":"<!-- This site is optimized with the Yoast SEO plugin v26.0 - https:\/\/yoast.com\/wordpress\/plugins\/seo\/ -->\n<title>Conditions de paiement r\u00e9current - Convixio<\/title>\n<meta name=\"robots\" content=\"index, follow, max-snippet:-1, max-image-preview:large, max-video-preview:-1\" \/>\n<link rel=\"canonical\" href=\"https:\/\/convixio.io\/en\/conditions-de-paiement-recurrent\/\" \/>\n<meta property=\"og:locale\" content=\"en_GB\" \/>\n<meta property=\"og:type\" content=\"article\" \/>\n<meta property=\"og:title\" content=\"Conditions de paiement r\u00e9current - Convixio\" \/>\n<meta property=\"og:description\" content=\"Conditions de paiement r\u00e9currentUn fonctionnement simple.Conditions d\u2019abonnement Mise \u00e0 jour r\u00e9cente : 30 mars 2023 JMM PUBLISHING LTD Adresse : 167-169 Great Portland Street, W1W 5PF, Londres Num\u00e9ro d\u2019enregistrement de l\u2019entreprise : 12642117 et num\u00e9ro de TVA : GB 364 3536 90 S\u2019abonner aux services de JMM PUBLISHING LTD offre les privil\u00e8ges suivants : Acc\u00e8s [&hellip;]\" \/>\n<meta property=\"og:url\" content=\"https:\/\/convixio.io\/en\/conditions-de-paiement-recurrent\/\" \/>\n<meta property=\"og:site_name\" content=\"Convixio\" \/>\n<meta property=\"article:modified_time\" content=\"2024-05-15T12:25:24+00:00\" \/>\n<meta name=\"twitter:card\" content=\"summary_large_image\" \/>\n<meta name=\"twitter:label1\" content=\"Estimated reading time\" \/>\n\t<meta name=\"twitter:data1\" content=\"2 minutes\" \/>\n<script type=\"application\/ld+json\" class=\"yoast-schema-graph\">{\"@context\":\"https:\/\/schema.org\",\"@graph\":[{\"@type\":\"WebPage\",\"@id\":\"https:\/\/convixio.io\/conditions-de-paiement-recurrent\/\",\"url\":\"https:\/\/convixio.io\/conditions-de-paiement-recurrent\/\",\"name\":\"Conditions de paiement r\u00e9current - Convixio\",\"isPartOf\":{\"@id\":\"https:\/\/convixio.io\/#website\"},\"datePublished\":\"2024-04-18T14:55:14+00:00\",\"dateModified\":\"2024-05-15T12:25:24+00:00\",\"breadcrumb\":{\"@id\":\"https:\/\/convixio.io\/conditions-de-paiement-recurrent\/#breadcrumb\"},\"inLanguage\":\"en-GB\",\"potentialAction\":[{\"@type\":\"ReadAction\",\"target\":[\"https:\/\/convixio.io\/conditions-de-paiement-recurrent\/\"]}]},{\"@type\":\"BreadcrumbList\",\"@id\":\"https:\/\/convixio.io\/conditions-de-paiement-recurrent\/#breadcrumb\",\"itemListElement\":[{\"@type\":\"ListItem\",\"position\":1,\"name\":\"Home\",\"item\":\"https:\/\/convixio.io\/\"},{\"@type\":\"ListItem\",\"position\":2,\"name\":\"Conditions de paiement r\u00e9current\"}]},{\"@type\":\"WebSite\",\"@id\":\"https:\/\/convixio.io\/#website\",\"url\":\"https:\/\/convixio.io\/\",\"name\":\"Convixio\",\"description\":\"Convertissez vos fichiers en un clin d&#039;oeil\",\"potentialAction\":[{\"@type\":\"SearchAction\",\"target\":{\"@type\":\"EntryPoint\",\"urlTemplate\":\"https:\/\/convixio.io\/?s={search_term_string}\"},\"query-input\":{\"@type\":\"PropertyValueSpecification\",\"valueRequired\":true,\"valueName\":\"search_term_string\"}}],\"inLanguage\":\"en-GB\"}]}<\/script>\n<!-- \/ Yoast SEO plugin. -->","yoast_head_json":{"title":"Conditions de paiement r\u00e9current - Convixio","robots":{"index":"index","follow":"follow","max-snippet":"max-snippet:-1","max-image-preview":"max-image-preview:large","max-video-preview":"max-video-preview:-1"},"canonical":"https:\/\/convixio.io\/en\/conditions-de-paiement-recurrent\/","og_locale":"en_GB","og_type":"article","og_title":"Conditions de paiement r\u00e9current - Convixio","og_description":"Conditions de paiement r\u00e9currentUn fonctionnement simple.Conditions d\u2019abonnement Mise \u00e0 jour r\u00e9cente : 30 mars 2023 JMM PUBLISHING LTD Adresse : 167-169 Great Portland Street, W1W 5PF, Londres Num\u00e9ro d\u2019enregistrement de l\u2019entreprise : 12642117 et num\u00e9ro de TVA : GB 364 3536 90 S\u2019abonner aux services de JMM PUBLISHING LTD offre les privil\u00e8ges suivants : Acc\u00e8s [&hellip;]","og_url":"https:\/\/convixio.io\/en\/conditions-de-paiement-recurrent\/","og_site_name":"Convixio","article_modified_time":"2024-05-15T12:25:24+00:00","twitter_card":"summary_large_image","twitter_misc":{"Estimated reading time":"2 minutes"},"schema":{"@context":"https:\/\/schema.org","@graph":[{"@type":"WebPage","@id":"https:\/\/convixio.io\/conditions-de-paiement-recurrent\/","url":"https:\/\/convixio.io\/conditions-de-paiement-recurrent\/","name":"Conditions de paiement r\u00e9current - Convixio","isPartOf":{"@id":"https:\/\/convixio.io\/#website"},"datePublished":"2024-04-18T14:55:14+00:00","dateModified":"2024-05-15T12:25:24+00:00","breadcrumb":{"@id":"https:\/\/convixio.io\/conditions-de-paiement-recurrent\/#breadcrumb"},"inLanguage":"en-GB","potentialAction":[{"@type":"ReadAction","target":["https:\/\/convixio.io\/conditions-de-paiement-recurrent\/"]}]},{"@type":"BreadcrumbList","@id":"https:\/\/convixio.io\/conditions-de-paiement-recurrent\/#breadcrumb","itemListElement":[{"@type":"ListItem","position":1,"name":"Home","item":"https:\/\/convixio.io\/"},{"@type":"ListItem","position":2,"name":"Conditions de paiement r\u00e9current"}]},{"@type":"WebSite","@id":"https:\/\/convixio.io\/#website","url":"https:\/\/convixio.io\/","name":"Convixio","description":"Convert your files in the blink of an eye","potentialAction":[{"@type":"SearchAction","target":{"@type":"EntryPoint","urlTemplate":"https:\/\/convixio.io\/?s={search_term_string}"},"query-input":{"@type":"PropertyValueSpecification","valueRequired":true,"valueName":"search_term_string"}}],"inLanguage":"en-GB"}]}},"_links":{"self":[{"href":"https:\/\/convixio.io\/en\/wp-json\/wp\/v2\/pages\/4916","targetHints":{"allow":["GET"]}}],"collection":[{"href":"https:\/\/convixio.io\/en\/wp-json\/wp\/v2\/pages"}],"about":[{"href":"https:\/\/convixio.io\/en\/wp-json\/wp\/v2\/types\/page"}],"author":[{"embeddable":true,"href":"https:\/\/convixio.io\/en\/wp-json\/wp\/v2\/users\/1"}],"replies":[{"embeddable":true,"href":"https:\/\/convixio.io\/en\/wp-json\/wp\/v2\/comments?post=4916"}],"version-history":[{"count":12,"href":"https:\/\/convixio.io\/en\/wp-json\/wp\/v2\/pages\/4916\/revisions"}],"predecessor-version":[{"id":5179,"href":"https:\/\/convixio.io\/en\/wp-json\/wp\/v2\/pages\/4916\/revisions\/5179"}],"wp:attachment":[{"href":"https:\/\/convixio.io\/en\/wp-json\/wp\/v2\/media?parent=4916"}],"curies":[{"name":"wp","href":"https:\/\/api.w.org\/{rel}","templated":true}]}}