{"id":4896,"date":"2024-04-18T11:02:12","date_gmt":"2024-04-18T11:02:12","guid":{"rendered":"https:\/\/convert33.com\/?page_id=4896"},"modified":"2024-05-15T12:19:45","modified_gmt":"2024-05-15T12:19:45","slug":"mentions-legales","status":"publish","type":"page","link":"https:\/\/convixio.io\/es\/mentions-legales\/","title":{"rendered":"Informaci\u00f3n jur\u00eddica"},"content":{"rendered":"<p>[et_pb_section fb_built=&#8221;1&#8243; custom_padding_last_edited=&#8221;on|phone&#8221; module_class=&#8221;legislation_bg_section&#8221; _builder_version=&#8221;4.17.6&#8243; _module_preset=&#8221;default&#8221; width=&#8221;100%&#8221; module_alignment=&#8221;center&#8221; custom_padding=&#8221;||150px||false|false&#8221; custom_padding_tablet=&#8221;||150px||false|false&#8221; custom_padding_phone=&#8221;||60px||false|false&#8221; background_image_phone=&#8221;https:\/\/convixio.io\/wp-content\/uploads\/2024\/03\/Trace-167-1-1.png&#8221; background_enable_image_phone=&#8221;on&#8221; locked=&#8221;off&#8221; collapsed=&#8221;off&#8221; global_colors_info=&#8221;{}&#8221; background_image=&#8221;https:\/\/convixio.io\/wp-content\/uploads\/2024\/03\/Trace-167-1-1.png&#8221; background_last_edited=&#8221;on|phone&#8221; background_position=&#8221;bottom_center&#8221; background_vertical_offset=&#8221;-60px&#8221;][et_pb_row column_structure=&#8221;1_2,1_2&#8243; custom_padding_last_edited=&#8221;on|phone&#8221; _builder_version=&#8221;4.17.6&#8243; _module_preset=&#8221;default&#8221; custom_padding=&#8221;140px||0px||false|false&#8221; custom_padding_tablet=&#8221;140px||0px||false|false&#8221; custom_padding_phone=&#8221;20px||||false|false&#8221; global_colors_info=&#8221;{}&#8221;][et_pb_column type=&#8221;1_2&#8243; _builder_version=&#8221;4.17.6&#8243; _module_preset=&#8221;default&#8221; global_colors_info=&#8221;{}&#8221;][et_pb_text _builder_version=&#8221;4.17.6&#8243; _module_preset=&#8221;default&#8221; text_font=&#8221;Poppins|700|||||||&#8221; text_text_color=&#8221;#226269&#8243; text_font_size=&#8221;65px&#8221; header_2_font=&#8221;Poppins||||||||&#8221; header_2_text_color=&#8221;#226269&#8243; header_2_font_size=&#8221;65px&#8221; header_2_font_size_tablet=&#8221;65px&#8221; header_2_font_size_phone=&#8221;32px&#8221; header_2_font_size_last_edited=&#8221;on|desktop&#8221; global_colors_info=&#8221;{}&#8221; header_font=&#8221;Poppins||||||||&#8221; custom_margin=&#8221;||30px||false|false&#8221; custom_margin_tablet=&#8221;||20px||false|false&#8221; custom_margin_phone=&#8221;||10px||false|false&#8221; custom_margin_last_edited=&#8221;on|phone&#8221; custom_padding=&#8221;||0px||false|false&#8221; hover_enabled=&#8221;0&#8243; sticky_enabled=&#8221;0&#8243;]<\/p>\n<h2 class=\"content\" style=\"text-align: center;\">Informaci\u00f3n jur\u00eddica<\/h2>\n<p>[\/et_pb_text][et_pb_text disabled_on=&#8221;off|off|off&#8221; _builder_version=&#8221;4.17.6&#8243; _module_preset=&#8221;default&#8221; text_font=&#8221;Poppins|300|||||||&#8221; text_text_color=&#8221;#4e4e4e&#8221; text_font_size=&#8221;30px&#8221; text_line_height=&#8221;1.2em&#8221; text_orientation=&#8221;center&#8221; text_font_size_tablet=&#8221;30px&#8221; text_font_size_phone=&#8221;20px&#8221; text_font_size_last_edited=&#8221;on|phone&#8221; global_colors_info=&#8221;{}&#8221; module_class=&#8221;terif-text&#8221; max_width=&#8221;640px&#8221; max_width_tablet=&#8221;640px&#8221; max_width_phone=&#8221;640px&#8221; max_width_last_edited=&#8221;on|phone&#8221; module_alignment=&#8221;center&#8221; custom_margin=&#8221;||50px||false|false&#8221; custom_margin_tablet=&#8221;||40px||false|false&#8221; custom_margin_phone=&#8221;||40px||false|false&#8221; custom_margin_last_edited=&#8221;on|phone&#8221;]Un fonctionnement simple.[\/et_pb_text][\/et_pb_column][et_pb_column type=&#8221;1_2&#8243; _builder_version=&#8221;4.17.6&#8243; _module_preset=&#8221;default&#8221; background_enable_image=&#8221;off&#8221; background_size=&#8221;contain&#8221; background_position=&#8221;bottom_right&#8221; custom_padding=&#8221;||||true|false&#8221; custom_padding_tablet=&#8221;100px||||false|false&#8221; custom_padding_phone=&#8221;40px||||false|false&#8221; custom_padding_last_edited=&#8221;on|tablet&#8221; global_colors_info=&#8221;{}&#8221;][et_pb_divider show_divider=&#8221;off&#8221; disabled_on=&#8221;off|off|off&#8221; _builder_version=&#8221;4.17.6&#8243; _module_preset=&#8221;default&#8221; global_colors_info=&#8221;{}&#8221;][\/et_pb_divider][et_pb_image src=&#8221;https:\/\/convixio.io\/wp-content\/uploads\/2024\/03\/Taches0.png&#8221; alt=&#8221;Taches0&#8243; title_text=&#8221;Taches0&#8243; align=&#8221;right&#8221; _builder_version=&#8221;4.17.6&#8243; _module_preset=&#8221;default&#8221; max_width_tablet=&#8221;&#8221; max_width_phone=&#8221;314px&#8221; max_width_last_edited=&#8221;on|phone&#8221; max_height_tablet=&#8221;&#8221; max_height_phone=&#8221;199px&#8221; max_height_last_edited=&#8221;on|phone&#8221; global_colors_info=&#8221;{}&#8221;][\/et_pb_image][\/et_pb_column][\/et_pb_row][\/et_pb_section][et_pb_section fb_built=&#8221;1&#8243; custom_padding_last_edited=&#8221;on|phone&#8221; _builder_version=&#8221;4.17.6&#8243; _module_preset=&#8221;default&#8221; custom_padding=&#8221;||54px||false|false&#8221; custom_padding_tablet=&#8221;||54px||false|false&#8221; custom_padding_phone=&#8221;0px||50px||false|false&#8221; global_colors_info=&#8221;{}&#8221;][et_pb_row _builder_version=&#8221;4.17.6&#8243; _module_preset=&#8221;default&#8221; global_colors_info=&#8221;{}&#8221; custom_padding=&#8221;0px||||false|false&#8221;][et_pb_column type=&#8221;4_4&#8243; _builder_version=&#8221;4.17.6&#8243; _module_preset=&#8221;default&#8221; global_colors_info=&#8221;{}&#8221;][et_pb_text module_class=&#8221;section-legal&#8221; _builder_version=&#8221;4.17.6&#8243; _module_preset=&#8221;default&#8221; text_font=&#8221;Poppins|300|||||||&#8221; text_font_size=&#8221;18px&#8221; header_font=&#8221;Poppins||||||||&#8221; header_font_size=&#8221;26px&#8221; text_font_size_tablet=&#8221;&#8221; text_font_size_phone=&#8221;16px&#8221; text_font_size_last_edited=&#8221;on|phone&#8221; locked=&#8221;off&#8221; global_colors_info=&#8221;{}&#8221;]<\/p>\n<h3><span>Pre\u00e1mbulo<\/span><\/h3>\n<p>\u00daltima actualizaci\u00f3n: 26 de marzo de 2024<\/p>\n<p><strong>JMM PUBLISHING LTD<br \/>167-169 Great Portland Street W1W 5PF Londres<br \/>N\u00famero de empresa 12642117 e IVA. GB 364 3536 90<\/strong><\/p>\n<p>Acceso y uso continuados de nuestro sitio web <a href=\"https:\/\/convixio.io\/es\/\">https:\/\/convixio.io\/<\/a> (en lo sucesivo, el \"Sitio\") presuponen que las personas que visitan el Sitio (en lo sucesivo, los \"Usuarios\") aceptan plenamente las Condiciones de Uso que se exponen a continuaci\u00f3n (en lo sucesivo, las \"CDU\"). Los Usuarios deben reconocer que han le\u00eddo estas Condiciones y aceptarlas antes de utilizar los servicios ofrecidos por nuestro Sitio.<\/p>\n<p>S\u00f3lo la versi\u00f3n de la CGU actualmente en l\u00ednea se considera v\u00e1lida durante todo el periodo de uso del Sitio, hasta que sea sustituida por una versi\u00f3n posterior.<\/p>\n<p>El Sitio est\u00e1 gestionado por JMM PUBLISHING LTD (en adelante \"el Vendedor\"), que podr\u00e1 modificar estas condiciones a su discreci\u00f3n. La navegaci\u00f3n continua en nuestro Sitio tras una actualizaci\u00f3n de las CGU constituye la aceptaci\u00f3n vinculante de las CGU revisadas por parte del Usuario. Si las CGU actuales no son adecuadas para el Usuario, se recomienda al Usuario que cese todo uso del Sitio.<\/p>\n<h3><span>Art\u00edculo 1 - Glosario<\/span><\/h3>\n<p>En nuestra plataforma web, se definen las siguientes expresiones<\/p>\n<ul>\n<li><strong>Contenido<\/strong> Contenido: Corresponde a todos los componentes que forman el contenido accesible en nuestro sitio (texto, im\u00e1genes, v\u00eddeos, algoritmos, software, widgets, etc.). Este contenido desempe\u00f1a varias funciones, entre ellas garantizar el buen funcionamiento del sitio, informar a los Usuarios y presentar nuestras ofertas.<\/li>\n<li><strong>Derechos de propiedad intelectual<\/strong> Propiedad intelectual: Incluye todos los derechos de propiedad intelectual y derechos conexos (derechos de autor, marcas, patentes, nombres comerciales, bases de datos, etc.), protegidos por la legislaci\u00f3n de 2000 sobre derechos de autor y derechos conexos, vigente en el momento de la visita del Usuario al sitio.<\/li>\n<li><strong>Caracter\u00edsticas<\/strong> Se refiere a todos los servicios y opciones ofrecidos a los Usuarios a trav\u00e9s de nuestro sitio.<\/li>\n<li><strong>P\u00e1gina web<\/strong> Se refiere al sitio web <a href=\"https:\/\/convixio.io\/es\/\">https:\/\/convixio.io\/<\/a>gestionado por el Vendedor y accesible a los Usuarios.<\/li>\n<li><strong>Usuario<\/strong> Cualquier persona que navegue por nuestro sitio y acceda a su contenido.<\/li>\n<\/ul>\n<h3><span>Art\u00edculo 2 - Informaci\u00f3n jur\u00eddica<\/span><\/h3>\n<p>De conformidad con el Reglamento (UE) 2016\/679 del Parlamento Europeo y del Consejo, de 27 de abril de 2016, relativo a la protecci\u00f3n de las personas f\u00edsicas en lo que respecta al tratamiento de datos personales y a la libre circulaci\u00f3n de estos datos, se comunica a los Usuarios de nuestro Sitio la siguiente informaci\u00f3n relativa a los distintos actores que intervienen en su creaci\u00f3n y gesti\u00f3n:<\/p>\n<p>Este sitio web, convixio.io, est\u00e1 gestionado por :<\/p>\n<ul>\n<li>Nombre de la empresa: Data-Hope<\/li>\n<li>N\u00famero de registro de la empresa: B16685935<\/li>\n<li>N\u00famero de IVA : ESB16685935<\/li>\n<li>Direcci\u00f3n: Pau Casals 10 Atico 4, 08021 Barcelona, Espa\u00f1a<\/li>\n<\/ul>\n<p>Hospedado por Namecheap, Inc, 4600 East Washington Street, Suite 305, Phoenix, AZ 85034, USA. M\u00e1s informaci\u00f3n en <a href=\"https:\/\/www.namecheap.com\/\">https:\/\/www.namecheap.com\/<\/a>.<\/p>\n<h3><span>Art\u00edculo 3 - Protecci\u00f3n de datos personales<\/span><\/h3>\n<p>Al acceder y utilizar nuestro Sitio, tratamos determinados datos personales relativos al Usuario. Este tratamiento se lleva a cabo de conformidad con la Legislaci\u00f3n de Protecci\u00f3n de Datos de 2018, as\u00ed como de acuerdo con nuestra Pol\u00edtica de Protecci\u00f3n de Datos, accesible a trav\u00e9s del siguiente enlace: <a href=\"https:\/\/convixio.io\/es\/politique-de-confidentialite\/\">https:\/\/convixio.io\/politique-de-confidentialite\/<\/a><\/p>\n<h3><span>Art\u00edculo 4 - Accesibilidad del sitio<\/span><\/h3>\n<p>El acceso y el uso de este Sitio son exclusivamente para fines personales. El Usuario se compromete a no utilizar el Sitio y la informaci\u00f3n o los datos que contiene con fines comerciales, pol\u00edticos o publicitarios, incluida cualquier forma de prospecci\u00f3n comercial, como el env\u00edo de correos electr\u00f3nicos no solicitados.<\/p>\n<p>S\u00f3lo los mayores de edad est\u00e1n autorizados a acceder al Sitio. El Vendedor se reserva el derecho de solicitar una prueba de edad, en particular a los usuarios de los servicios de pedidos en l\u00ednea. El Vendedor no ser\u00e1 responsable en caso de que menores accedan al Sitio o en caso de que los usuarios faciliten informaci\u00f3n incorrecta o enga\u00f1osa en el Sitio.<\/p>\n<p>Los usuarios son responsables de proporcionar los recursos inform\u00e1ticos y de telecomunicaciones necesarios para acceder al Sitio. Tambi\u00e9n son responsables de los costes de telecomunicaciones derivados del acceso a Internet para utilizar el Sitio.<\/p>\n<h3><span>Art\u00edculo 5 - Descripci\u00f3n de los servicios prestados<\/span><\/h3>\n<p>Hacemos todo lo posible para proporcionar informaci\u00f3n lo m\u00e1s exacta posible. Sin embargo, no nos hacemos responsables de las omisiones, inexactitudes o falta de actualizaci\u00f3n de la informaci\u00f3n. Toda la informaci\u00f3n contenida en el Sitio se facilita a t\u00edtulo meramente informativo, sin pretensi\u00f3n alguna de exhaustividad, y puede estar sujeta a cambios tras su publicaci\u00f3n.<\/p>\n<h3><span>Art\u00edculo 6 - Propiedad intelectual<\/span><\/h3>\n<p>6.1 Nuestra plataforma<\/p>\n<p>Los distintos elementos del Sitio, incluidos, entre otros, las marcas, fotograf\u00edas, textos, comentarios, ilustraciones, im\u00e1genes, v\u00eddeos, sonidos, as\u00ed como todas las aplicaciones inform\u00e1ticas que puedan utilizarse para el funcionamiento de este Sitio y, de forma m\u00e1s general, todos los elementos reproducidos o utilizados en el Sitio, est\u00e1n protegidos por la legislaci\u00f3n vigente en materia de propiedad intelectual y pertenecen \u00edntegramente al Vendedor o a sus socios. Queda formalmente prohibida toda reproducci\u00f3n, representaci\u00f3n, utilizaci\u00f3n o adaptaci\u00f3n, en cualquier forma, de la totalidad o parte de estos elementos, incluidas las aplicaciones inform\u00e1ticas, sin haber obtenido previamente la autorizaci\u00f3n escrita del titular de los derechos. El hecho de que el editor no emprenda acciones legales inmediatamente despu\u00e9s de tener conocimiento de dicha utilizaci\u00f3n no autorizada no constituye una aceptaci\u00f3n de dicha utilizaci\u00f3n ni una renuncia a su derecho a emprender acciones legales.<\/p>\n<p>Los usuarios del Sitio se abstendr\u00e1n en particular de:<\/p>\n<ul>\n<li>Copiar, reproducir, representar, emitir, distribuir o publicar, de forma permanente o temporal, el contenido del Sitio o cualquier parte del mismo por cualquier medio y en cualquier forma.<\/li>\n<li>Crear obras derivadas a partir del contenido del Sitio.<\/li>\n<li>Modificar, traducir, adaptar o arreglar todo o parte del contenido del Sitio.<\/li>\n<li>Desensamblar, descompilar o aplicar ingenier\u00eda inversa a todo o parte del Sitio.<\/li>\n<\/ul>\n<p>Los usuarios son los \u00fanicos responsables del uso que hagan del Sitio. Cualquier uso no autorizado del Sitio o de su contenido se considera una infracci\u00f3n de las leyes de protecci\u00f3n de la propiedad intelectual.<\/p>\n<p>6.2 Nuestra marca<\/p>\n<p>Las marcas, verbales o visuales (logotipo), pertenecientes al Vendedor y a JMM PUBLISHING LTD, est\u00e1n protegidas. Su utilizaci\u00f3n sin la autorizaci\u00f3n previa por escrito del Vendedor o de sus socios, para cualquier fin, en particular con fines comerciales o de promoci\u00f3n de productos o servicios, est\u00e1 estrictamente prohibida y expondr\u00e1 al usuario y\/o a los terceros responsables a acciones penales y civiles.<\/p>\n<p>6.3 Contenido<\/p>\n<p>Aunque el contenido sea de libre acceso en el Sitio, ello no constituye en modo alguno una cesi\u00f3n de derechos de autor o de propiedad sobre dicho contenido. Dicho contenido sigue siendo propiedad exclusiva del Vendedor y de sus colaboradores.<\/p>\n<p>Se exige a los usuarios que no lleven a cabo ninguna acci\u00f3n que infrinja los derechos de autor, los derechos de propiedad intelectual u otra legislaci\u00f3n brit\u00e1nica e internacional en materia de propiedad intelectual. El Vendedor y sus colaboradores se reservan el derecho de emprender acciones legales contra cualquier usuario que incumpla estas CDU.<\/p>\n<h3><span>Art\u00edculo 7 - Gesti\u00f3n del sitio<\/span><\/h3>\n<p>Nuestra plataforma es generalmente accesible a los usuarios en todo momento. No obstante, el Vendedor se reserva el derecho, para la gesti\u00f3n \u00f3ptima del sitio, de :<\/p>\n<ul>\n<li>Suspender, interrumpir o limitar el acceso a todas o determinadas partes del sitio, por cualquier motivo y sin justificaci\u00f3n, a su entera discreci\u00f3n.<\/li>\n<li>Suprimir cualquier dato que pueda obstaculizar su correcto funcionamiento, a su entera discreci\u00f3n y sin previo aviso.<\/li>\n<li>Ponga en pausa el sitio para actualizaciones t\u00e9cnicas o de otro tipo.<\/li>\n<\/ul>\n<p>El Vendedor se compromete a informar a los usuarios, en la medida de lo posible, de las fechas y horas de estas intervenciones. No obstante, no podr\u00e1 ser considerado responsable si no se facilita esta informaci\u00f3n.<\/p>\n<h3><span>Art\u00edculo 8 - Responsabilidades<\/span><\/h3>\n<p>El Vendedor se esfuerza por garantizar que el sitio est\u00e9 disponible 24 horas al d\u00eda, 7 d\u00edas a la semana. Sin embargo, no se garantiza el acceso continuo y sin errores al sitio, y el Vendedor no se hace responsable en caso de indisponibilidad o interrupci\u00f3n del acceso al sitio y sus funciones.<\/p>\n<p>Tambi\u00e9n es importante se\u00f1alar que el Vendedor y el proveedor de alojamiento no son responsables de los problemas de conexi\u00f3n debidos a problemas con la red de Internet, las l\u00edneas telef\u00f3nicas o los equipos inform\u00e1ticos que pudieran impedir el acceso al sitio.<\/p>\n<p>En lo que respecta a las responsabilidades legales, los usuarios son los \u00fanicos responsables del uso que hagan del sitio y deben cumplir las presentes Condiciones Generales de Uso. El Vendedor declina toda responsabilidad por cualquier perjuicio derivado del uso del sitio o de su incumplimiento de las CGU.<\/p>\n<p>En cuanto al equipo utilizado para acceder al sitio, es responsabilidad exclusiva del usuario garantizar que su equipo sea seguro, est\u00e9 actualizado y no contenga virus. El Vendedor no ser\u00e1 responsable de ning\u00fan da\u00f1o que pueda producirse en el equipo o los datos del usuario al acceder al sitio. Adem\u00e1s, el Vendedor no ser\u00e1 responsable de ninguna p\u00e9rdida indirecta, como la p\u00e9rdida de negocios u oportunidades, derivada del uso del sitio.<\/p>\n<h3><span>Art\u00edculo 9 - Fotograf\u00edas y representaci\u00f3n de productos y servicios<\/span><\/h3>\n<p>Las fotograf\u00edas del Sitio, que acompa\u00f1an a su descripci\u00f3n, no son contractuales y no son vinculantes para el Vendedor.<\/p>\n<h3><span>Art\u00edculo 10 - Enlaces de hipertexto<\/span><\/h3>\n<p>Los usuarios pueden crear enlaces de hipertexto que apunten a la totalidad o a una parte del sitio, siempre que hayan recibido la autorizaci\u00f3n previa por escrito de JMM PUBLISHING LTD, que puede solicitarse por correo electr\u00f3nico a contact.convixio@gmail.com.<\/p>\n<p>El propietario del sitio se reserva el derecho a denegar la autorizaci\u00f3n sin indicar los motivos. Si se concede la autorizaci\u00f3n, \u00e9sta seguir\u00e1 siendo provisional y podr\u00e1 cancelarse en cualquier momento sin justificaci\u00f3n, lo que requerir\u00e1 la supresi\u00f3n inmediata de cualquier enlace establecido, a simple petici\u00f3n del propietario del sitio.<\/p>\n<p>Aunque el sitio incluye hiperv\u00ednculos a otros sitios web con la aprobaci\u00f3n del propietario, es importante se\u00f1alar que nuestra empresa no est\u00e1 en condiciones de controlar el contenido de estos sitios externos y, por lo tanto, declina toda responsabilidad por su contenido.<\/p>\n<h3><span>Art\u00edculo 11 - Nulidad parcial<\/span><\/h3>\n<p>El hecho de que JMM PUBLISHING LTD no invoque temporalmente una o varias de las condiciones estipuladas en el presente documento no debe percibirse en ning\u00fan caso como una renuncia a su derecho a invocarlas en cualquier momento.<\/p>\n<p>En caso de que una o varias cl\u00e1usulas de las presentes condiciones generales se consideren nulas, inv\u00e1lidas o inaplicables en virtud de una ley, reglamento o decisi\u00f3n judicial que haya adquirido fuerza ejecutiva, las dem\u00e1s cl\u00e1usulas seguir\u00e1n en vigor y seguir\u00e1n teniendo pleno y total efecto.<\/p>\n<h3><span>Art\u00edculo 12 - Lengua<\/span><\/h3>\n<p>Si estas CGU se traducen a una o varias lenguas, la lengua de interpretaci\u00f3n ser\u00e1 el ingl\u00e9s.<\/p>\n<h3><span>Art\u00edculo 13 - Legislaci\u00f3n aplicable<\/span><\/h3>\n<p>Los presentes T\u00e9rminos y Condiciones del Sitio se rigen por la legislaci\u00f3n inglesa y -en caso de litigio- est\u00e1n sujetos a la jurisdicci\u00f3n exclusiva de los tribunales ordinarios competentes, sin perjuicio de una atribuci\u00f3n espec\u00edfica de jurisdicci\u00f3n resultante de una ley o reglamento particular.<\/p>\n<h3><span>Art\u00edculo 14 - Contacto<\/span><\/h3>\n<p>Para cualquier pregunta o informaci\u00f3n sobre los Servicios presentados en el Sitio, o sobre el propio Sitio, los Usuarios pueden dejar un mensaje en la siguiente direcci\u00f3n: contact.convixio@gmail.com.<\/p>\n<p>[\/et_pb_text][\/et_pb_column][\/et_pb_row][\/et_pb_section]<\/p>","protected":false},"excerpt":{"rendered":"<p>Mentions l\u00e9galesUn fonctionnement simple.Pr\u00e9ambule Derni\u00e8re mise \u00e0 jour effectu\u00e9e le : 26 mars 2024 JMM PUBLISHING LTD167-169 Great Portland Street W1W 5PF LondonNum\u00e9ro de soci\u00e9t\u00e9 12642117 et VAT. GB 364 3536 90 L\u2019acc\u00e8s continu et l\u2019utilisation de notre site web https:\/\/convixio.io\/ (ci-apr\u00e8s, le \u00ab Site \u00bb) pr\u00e9supposent que les personnes visitant le Site (ci-apr\u00e8s, les [&hellip;]<\/p>","protected":false},"author":1,"featured_media":0,"parent":0,"menu_order":0,"comment_status":"closed","ping_status":"closed","template":"","meta":{"_et_pb_use_builder":"on","_et_pb_old_content":"","_et_gb_content_width":"","footnotes":""},"class_list":["post-4896","page","type-page","status-publish","hentry"],"yoast_head":"<!-- This site is optimized with the Yoast SEO plugin v26.0 - https:\/\/yoast.com\/wordpress\/plugins\/seo\/ -->\n<title>Mentions l\u00e9gales - Convixio<\/title>\n<meta name=\"robots\" content=\"index, follow, max-snippet:-1, max-image-preview:large, max-video-preview:-1\" \/>\n<link rel=\"canonical\" href=\"https:\/\/convixio.io\/es\/mentions-legales\/\" \/>\n<meta property=\"og:locale\" content=\"es_ES\" \/>\n<meta property=\"og:type\" content=\"article\" \/>\n<meta property=\"og:title\" content=\"Mentions l\u00e9gales - Convixio\" \/>\n<meta property=\"og:description\" content=\"Mentions l\u00e9galesUn fonctionnement simple.Pr\u00e9ambule Derni\u00e8re mise \u00e0 jour effectu\u00e9e le : 26 mars 2024 JMM PUBLISHING LTD167-169 Great Portland Street W1W 5PF LondonNum\u00e9ro de soci\u00e9t\u00e9 12642117 et VAT. GB 364 3536 90 L\u2019acc\u00e8s continu et l\u2019utilisation de notre site web https:\/\/convixio.io\/ (ci-apr\u00e8s, le \u00ab Site \u00bb) pr\u00e9supposent que les personnes visitant le Site (ci-apr\u00e8s, les [&hellip;]\" \/>\n<meta property=\"og:url\" content=\"https:\/\/convixio.io\/es\/mentions-legales\/\" \/>\n<meta property=\"og:site_name\" content=\"Convixio\" \/>\n<meta property=\"article:modified_time\" content=\"2024-05-15T12:19:45+00:00\" \/>\n<meta name=\"twitter:card\" content=\"summary_large_image\" \/>\n<meta name=\"twitter:label1\" content=\"Tiempo de lectura\" \/>\n\t<meta name=\"twitter:data1\" content=\"16 minutos\" \/>\n<script type=\"application\/ld+json\" class=\"yoast-schema-graph\">{\"@context\":\"https:\/\/schema.org\",\"@graph\":[{\"@type\":\"WebPage\",\"@id\":\"https:\/\/convixio.io\/mentions-legales\/\",\"url\":\"https:\/\/convixio.io\/mentions-legales\/\",\"name\":\"Mentions l\u00e9gales - Convixio\",\"isPartOf\":{\"@id\":\"https:\/\/convixio.io\/#website\"},\"datePublished\":\"2024-04-18T11:02:12+00:00\",\"dateModified\":\"2024-05-15T12:19:45+00:00\",\"breadcrumb\":{\"@id\":\"https:\/\/convixio.io\/mentions-legales\/#breadcrumb\"},\"inLanguage\":\"es\",\"potentialAction\":[{\"@type\":\"ReadAction\",\"target\":[\"https:\/\/convixio.io\/mentions-legales\/\"]}]},{\"@type\":\"BreadcrumbList\",\"@id\":\"https:\/\/convixio.io\/mentions-legales\/#breadcrumb\",\"itemListElement\":[{\"@type\":\"ListItem\",\"position\":1,\"name\":\"Home\",\"item\":\"https:\/\/convixio.io\/\"},{\"@type\":\"ListItem\",\"position\":2,\"name\":\"Mentions l\u00e9gales\"}]},{\"@type\":\"WebSite\",\"@id\":\"https:\/\/convixio.io\/#website\",\"url\":\"https:\/\/convixio.io\/\",\"name\":\"Convixio\",\"description\":\"Convertissez vos fichiers en un clin d&#039;oeil\",\"potentialAction\":[{\"@type\":\"SearchAction\",\"target\":{\"@type\":\"EntryPoint\",\"urlTemplate\":\"https:\/\/convixio.io\/?s={search_term_string}\"},\"query-input\":{\"@type\":\"PropertyValueSpecification\",\"valueRequired\":true,\"valueName\":\"search_term_string\"}}],\"inLanguage\":\"es\"}]}<\/script>\n<!-- \/ Yoast SEO plugin. -->","yoast_head_json":{"title":"Mentions l\u00e9gales - Convixio","robots":{"index":"index","follow":"follow","max-snippet":"max-snippet:-1","max-image-preview":"max-image-preview:large","max-video-preview":"max-video-preview:-1"},"canonical":"https:\/\/convixio.io\/es\/mentions-legales\/","og_locale":"es_ES","og_type":"article","og_title":"Mentions l\u00e9gales - Convixio","og_description":"Mentions l\u00e9galesUn fonctionnement simple.Pr\u00e9ambule Derni\u00e8re mise \u00e0 jour effectu\u00e9e le : 26 mars 2024 JMM PUBLISHING LTD167-169 Great Portland Street W1W 5PF LondonNum\u00e9ro de soci\u00e9t\u00e9 12642117 et VAT. GB 364 3536 90 L\u2019acc\u00e8s continu et l\u2019utilisation de notre site web https:\/\/convixio.io\/ (ci-apr\u00e8s, le \u00ab Site \u00bb) pr\u00e9supposent que les personnes visitant le Site (ci-apr\u00e8s, les [&hellip;]","og_url":"https:\/\/convixio.io\/es\/mentions-legales\/","og_site_name":"Convixio","article_modified_time":"2024-05-15T12:19:45+00:00","twitter_card":"summary_large_image","twitter_misc":{"Tiempo de lectura":"16 minutos"},"schema":{"@context":"https:\/\/schema.org","@graph":[{"@type":"WebPage","@id":"https:\/\/convixio.io\/mentions-legales\/","url":"https:\/\/convixio.io\/mentions-legales\/","name":"Mentions l\u00e9gales - Convixio","isPartOf":{"@id":"https:\/\/convixio.io\/#website"},"datePublished":"2024-04-18T11:02:12+00:00","dateModified":"2024-05-15T12:19:45+00:00","breadcrumb":{"@id":"https:\/\/convixio.io\/mentions-legales\/#breadcrumb"},"inLanguage":"es","potentialAction":[{"@type":"ReadAction","target":["https:\/\/convixio.io\/mentions-legales\/"]}]},{"@type":"BreadcrumbList","@id":"https:\/\/convixio.io\/mentions-legales\/#breadcrumb","itemListElement":[{"@type":"ListItem","position":1,"name":"Home","item":"https:\/\/convixio.io\/"},{"@type":"ListItem","position":2,"name":"Mentions l\u00e9gales"}]},{"@type":"WebSite","@id":"https:\/\/convixio.io\/#website","url":"https:\/\/convixio.io\/","name":"Convixio","description":"Convierte tus archivos en un abrir y cerrar de ojos","potentialAction":[{"@type":"SearchAction","target":{"@type":"EntryPoint","urlTemplate":"https:\/\/convixio.io\/?s={search_term_string}"},"query-input":{"@type":"PropertyValueSpecification","valueRequired":true,"valueName":"search_term_string"}}],"inLanguage":"es"}]}},"_links":{"self":[{"href":"https:\/\/convixio.io\/es\/wp-json\/wp\/v2\/pages\/4896","targetHints":{"allow":["GET"]}}],"collection":[{"href":"https:\/\/convixio.io\/es\/wp-json\/wp\/v2\/pages"}],"about":[{"href":"https:\/\/convixio.io\/es\/wp-json\/wp\/v2\/types\/page"}],"author":[{"embeddable":true,"href":"https:\/\/convixio.io\/es\/wp-json\/wp\/v2\/users\/1"}],"replies":[{"embeddable":true,"href":"https:\/\/convixio.io\/es\/wp-json\/wp\/v2\/comments?post=4896"}],"version-history":[{"count":12,"href":"https:\/\/convixio.io\/es\/wp-json\/wp\/v2\/pages\/4896\/revisions"}],"predecessor-version":[{"id":5174,"href":"https:\/\/convixio.io\/es\/wp-json\/wp\/v2\/pages\/4896\/revisions\/5174"}],"wp:attachment":[{"href":"https:\/\/convixio.io\/es\/wp-json\/wp\/v2\/media?parent=4896"}],"curies":[{"name":"wp","href":"https:\/\/api.w.org\/{rel}","templated":true}]}}