{"id":4916,"date":"2024-04-18T14:55:14","date_gmt":"2024-04-18T14:55:14","guid":{"rendered":"https:\/\/convert33.com\/?page_id=4916"},"modified":"2024-05-15T12:25:24","modified_gmt":"2024-05-15T12:25:24","slug":"conditions-de-paiement-recurrent","status":"publish","type":"page","link":"https:\/\/convixio.io\/es\/conditions-de-paiement-recurrent\/","title":{"rendered":"Condiciones de pago peri\u00f3dico"},"content":{"rendered":"<p>[et_pb_section fb_built=&#8221;1&#8243; custom_padding_last_edited=&#8221;on|phone&#8221; module_class=&#8221;legislation_bg_section&#8221; _builder_version=&#8221;4.17.6&#8243; _module_preset=&#8221;default&#8221; width=&#8221;100%&#8221; module_alignment=&#8221;center&#8221; custom_padding=&#8221;||150px||false|false&#8221; custom_padding_tablet=&#8221;||150px||false|false&#8221; custom_padding_phone=&#8221;||60px||false|false&#8221; background_image_phone=&#8221;https:\/\/convixio.io\/wp-content\/uploads\/2024\/03\/Trace-167-1-1.png&#8221; background_enable_image_phone=&#8221;on&#8221; locked=&#8221;off&#8221; collapsed=&#8221;off&#8221; global_colors_info=&#8221;{}&#8221; background_image=&#8221;https:\/\/convixio.io\/wp-content\/uploads\/2024\/03\/Trace-167-1-1.png&#8221; background_last_edited=&#8221;on|phone&#8221; background_position=&#8221;bottom_center&#8221; background_vertical_offset=&#8221;-60px&#8221;][et_pb_row column_structure=&#8221;1_2,1_2&#8243; custom_padding_last_edited=&#8221;on|phone&#8221; _builder_version=&#8221;4.17.6&#8243; _module_preset=&#8221;default&#8221; custom_padding=&#8221;140px||0px||false|false&#8221; custom_padding_tablet=&#8221;140px||0px||false|false&#8221; custom_padding_phone=&#8221;20px||||false|false&#8221; global_colors_info=&#8221;{}&#8221;][et_pb_column type=&#8221;1_2&#8243; _builder_version=&#8221;4.17.6&#8243; _module_preset=&#8221;default&#8221; global_colors_info=&#8221;{}&#8221;][et_pb_text _builder_version=&#8221;4.17.6&#8243; _module_preset=&#8221;default&#8221; text_font=&#8221;Poppins|700|||||||&#8221; text_text_color=&#8221;#226269&#8243; text_font_size=&#8221;65px&#8221; header_2_font=&#8221;Poppins||||||||&#8221; header_2_text_color=&#8221;#226269&#8243; header_2_font_size=&#8221;65px&#8221; header_2_font_size_tablet=&#8221;65px&#8221; header_2_font_size_phone=&#8221;32px&#8221; header_2_font_size_last_edited=&#8221;on|desktop&#8221; global_colors_info=&#8221;{}&#8221; header_font=&#8221;Poppins||||||||&#8221; custom_margin=&#8221;||30px||false|false&#8221; custom_margin_tablet=&#8221;||20px||false|false&#8221; custom_margin_phone=&#8221;||10px||false|false&#8221; custom_margin_last_edited=&#8221;on|phone&#8221; custom_padding=&#8221;||0px||false|false&#8221; hover_enabled=&#8221;0&#8243; sticky_enabled=&#8221;0&#8243;]<\/p>\n<h2 class=\"content\" style=\"text-align: center;\">Condiciones de pago peri\u00f3dico<\/h2>\n<p>[\/et_pb_text][et_pb_text disabled_on=&#8221;off|off|off&#8221; _builder_version=&#8221;4.17.6&#8243; _module_preset=&#8221;default&#8221; text_font=&#8221;Poppins|300|||||||&#8221; text_text_color=&#8221;#4e4e4e&#8221; text_font_size=&#8221;30px&#8221; text_line_height=&#8221;1.2em&#8221; text_orientation=&#8221;center&#8221; text_font_size_tablet=&#8221;30px&#8221; text_font_size_phone=&#8221;20px&#8221; text_font_size_last_edited=&#8221;on|phone&#8221; global_colors_info=&#8221;{}&#8221; module_class=&#8221;terif-text&#8221; max_width=&#8221;640px&#8221; max_width_tablet=&#8221;640px&#8221; max_width_phone=&#8221;640px&#8221; max_width_last_edited=&#8221;on|phone&#8221; module_alignment=&#8221;center&#8221; custom_margin=&#8221;||50px||false|false&#8221; custom_margin_tablet=&#8221;||40px||false|false&#8221; custom_margin_phone=&#8221;||40px||false|false&#8221; custom_margin_last_edited=&#8221;on|phone&#8221;]Un fonctionnement simple.[\/et_pb_text][\/et_pb_column][et_pb_column type=&#8221;1_2&#8243; _builder_version=&#8221;4.17.6&#8243; _module_preset=&#8221;default&#8221; background_enable_image=&#8221;off&#8221; background_size=&#8221;contain&#8221; background_position=&#8221;bottom_right&#8221; custom_padding=&#8221;||||true|false&#8221; custom_padding_tablet=&#8221;100px||||false|false&#8221; custom_padding_phone=&#8221;40px||||false|false&#8221; custom_padding_last_edited=&#8221;on|tablet&#8221; global_colors_info=&#8221;{}&#8221;][et_pb_divider show_divider=&#8221;off&#8221; disabled_on=&#8221;off|off|off&#8221; _builder_version=&#8221;4.17.6&#8243; _module_preset=&#8221;default&#8221; global_colors_info=&#8221;{}&#8221;][\/et_pb_divider][et_pb_image src=&#8221;https:\/\/convixio.io\/wp-content\/uploads\/2024\/03\/Taches0.png&#8221; alt=&#8221;Taches0&#8243; title_text=&#8221;Taches0&#8243; align=&#8221;right&#8221; _builder_version=&#8221;4.17.6&#8243; _module_preset=&#8221;default&#8221; global_colors_info=&#8221;{}&#8221; max_width_phone=&#8221;314px&#8221; max_width_last_edited=&#8221;on|phone&#8221; max_height_phone=&#8221;199px&#8221; max_height_last_edited=&#8221;on|phone&#8221;][\/et_pb_image][\/et_pb_column][\/et_pb_row][\/et_pb_section][et_pb_section fb_built=&#8221;1&#8243; custom_padding_last_edited=&#8221;on|phone&#8221; _builder_version=&#8221;4.17.6&#8243; _module_preset=&#8221;default&#8221; custom_padding=&#8221;||54px||false|false&#8221; custom_padding_tablet=&#8221;||54px||false|false&#8221; custom_padding_phone=&#8221;0px||50px||false|false&#8221; global_colors_info=&#8221;{}&#8221;][et_pb_row _builder_version=&#8221;4.17.6&#8243; _module_preset=&#8221;default&#8221; global_colors_info=&#8221;{}&#8221; custom_padding=&#8221;0px||||false|false&#8221;][et_pb_column type=&#8221;4_4&#8243; _builder_version=&#8221;4.17.6&#8243; _module_preset=&#8221;default&#8221; global_colors_info=&#8221;{}&#8221;][et_pb_text module_class=&#8221;section-legal&#8221; _builder_version=&#8221;4.17.6&#8243; _module_preset=&#8221;default&#8221; text_font=&#8221;Poppins|300|||||||&#8221; text_font_size=&#8221;18px&#8221; header_font=&#8221;Poppins||||||||&#8221; header_font_size=&#8221;26px&#8221; text_font_size_tablet=&#8221;&#8221; text_font_size_phone=&#8221;16px&#8221; text_font_size_last_edited=&#8221;on|phone&#8221; locked=&#8221;off&#8221; global_colors_info=&#8221;{}&#8221;]<\/p>\n<h3><span>Condiciones de suscripci\u00f3n<\/span><\/h3>\n<p><strong>Actualizaci\u00f3n reciente:<\/strong> 30 de marzo de 2023<\/p>\n<p><strong>JMM PUBLISHING LTD<\/strong><br \/>\n<strong>Direcci\u00f3n:<\/strong> 167-169 Great Portland Street, W1W 5PF, Londres<br \/>\n<strong>N\u00famero de registro de la empresa :<\/strong> 12642117 y n\u00famero de IVA: GB 364 3536 90<\/p>\n<p>La suscripci\u00f3n a los servicios de JMM PUBLISHING LTD ofrece los siguientes privilegios:<\/p>\n<ul>\n<li>Acceso ilimitado a las pruebas<\/li>\n<li>Conservaci\u00f3n de todos los resultados de las pruebas<\/li>\n<li>Los resultados de las pruebas pueden compararse<\/li>\n<li>Posibilidad de enviar los resultados por correo electr\u00f3nico<\/li>\n<\/ul>\n<p>Su suscripci\u00f3n activa el acceso al \u00e1rea de miembros durante 24 horas a una tarifa promocional de 0,5 euros, IVA incluido. Al final de este periodo de prueba, la suscripci\u00f3n se renueva autom\u00e1ticamente a raz\u00f3n de 47,5 euros al mes, IVA incluido. Este importe se cargar\u00e1 autom\u00e1ticamente en su tarjeta de cr\u00e9dito cada mes en la fecha de aniversario de su suscripci\u00f3n.<\/p>\n<p>Puede cancelar su suscripci\u00f3n en cualquier momento, sin condiciones, directamente a trav\u00e9s de esta p\u00e1gina: <a href=\"https:\/\/convixio.io\/es\/se-desabonner\/\">https:\/\/convixio.io\/se-desabonner\/<\/a><\/p>\n<p>Para cancelaciones, p\u00f3ngase en contacto con nuestro Servicio de Atenci\u00f3n al Cliente por correo electr\u00f3nico en la direcci\u00f3n <a href=\"mailto:contact.convixio@gmail.com\">contact.convixio@gmail.com<\/a>o utilice nuestro formulario de contacto aqu\u00ed : <a href=\"https:\/\/convixio.io\/es\/contact\/\">https:\/\/convixio.io\/contact\/<\/a><\/p>\n<p>JMM PUBLISHING LTD no vender\u00e1 la informaci\u00f3n de sus clientes. Los datos personales se recogen \u00fanicamente con el fin de comunicarse con los clientes y proporcionarles el nivel de servicio esperado.<\/p>\n<p>S\u00f3lo trabajamos con proveedores de servicios de pago que cumplen las normas de seguridad PCI DSS.<\/p>\n<p>[\/et_pb_text][\/et_pb_column][\/et_pb_row][\/et_pb_section]<\/p>","protected":false},"excerpt":{"rendered":"<p>Conditions de paiement r\u00e9currentUn fonctionnement simple.Conditions d\u2019abonnement Mise \u00e0 jour r\u00e9cente : 30 mars 2023 JMM PUBLISHING LTD Adresse : 167-169 Great Portland Street, W1W 5PF, Londres Num\u00e9ro d\u2019enregistrement de l\u2019entreprise : 12642117 et num\u00e9ro de TVA : GB 364 3536 90 S\u2019abonner aux services de JMM PUBLISHING LTD offre les privil\u00e8ges suivants : Acc\u00e8s [&hellip;]<\/p>","protected":false},"author":1,"featured_media":0,"parent":0,"menu_order":0,"comment_status":"closed","ping_status":"closed","template":"","meta":{"_et_pb_use_builder":"on","_et_pb_old_content":"","_et_gb_content_width":"","footnotes":""},"class_list":["post-4916","page","type-page","status-publish","hentry"],"yoast_head":"<!-- This site is optimized with the Yoast SEO plugin v26.0 - https:\/\/yoast.com\/wordpress\/plugins\/seo\/ -->\n<title>Conditions de paiement r\u00e9current - Convixio<\/title>\n<meta name=\"robots\" content=\"index, follow, max-snippet:-1, max-image-preview:large, max-video-preview:-1\" \/>\n<link rel=\"canonical\" href=\"https:\/\/convixio.io\/es\/conditions-de-paiement-recurrent\/\" \/>\n<meta property=\"og:locale\" content=\"es_ES\" \/>\n<meta property=\"og:type\" content=\"article\" \/>\n<meta property=\"og:title\" content=\"Conditions de paiement r\u00e9current - Convixio\" \/>\n<meta property=\"og:description\" content=\"Conditions de paiement r\u00e9currentUn fonctionnement simple.Conditions d\u2019abonnement Mise \u00e0 jour r\u00e9cente : 30 mars 2023 JMM PUBLISHING LTD Adresse : 167-169 Great Portland Street, W1W 5PF, Londres Num\u00e9ro d\u2019enregistrement de l\u2019entreprise : 12642117 et num\u00e9ro de TVA : GB 364 3536 90 S\u2019abonner aux services de JMM PUBLISHING LTD offre les privil\u00e8ges suivants : Acc\u00e8s [&hellip;]\" \/>\n<meta property=\"og:url\" content=\"https:\/\/convixio.io\/es\/conditions-de-paiement-recurrent\/\" \/>\n<meta property=\"og:site_name\" content=\"Convixio\" \/>\n<meta property=\"article:modified_time\" content=\"2024-05-15T12:25:24+00:00\" \/>\n<meta name=\"twitter:card\" content=\"summary_large_image\" \/>\n<meta name=\"twitter:label1\" content=\"Tiempo de lectura\" \/>\n\t<meta name=\"twitter:data1\" content=\"2 minutos\" \/>\n<script type=\"application\/ld+json\" class=\"yoast-schema-graph\">{\"@context\":\"https:\/\/schema.org\",\"@graph\":[{\"@type\":\"WebPage\",\"@id\":\"https:\/\/convixio.io\/conditions-de-paiement-recurrent\/\",\"url\":\"https:\/\/convixio.io\/conditions-de-paiement-recurrent\/\",\"name\":\"Conditions de paiement r\u00e9current - Convixio\",\"isPartOf\":{\"@id\":\"https:\/\/convixio.io\/#website\"},\"datePublished\":\"2024-04-18T14:55:14+00:00\",\"dateModified\":\"2024-05-15T12:25:24+00:00\",\"breadcrumb\":{\"@id\":\"https:\/\/convixio.io\/conditions-de-paiement-recurrent\/#breadcrumb\"},\"inLanguage\":\"es\",\"potentialAction\":[{\"@type\":\"ReadAction\",\"target\":[\"https:\/\/convixio.io\/conditions-de-paiement-recurrent\/\"]}]},{\"@type\":\"BreadcrumbList\",\"@id\":\"https:\/\/convixio.io\/conditions-de-paiement-recurrent\/#breadcrumb\",\"itemListElement\":[{\"@type\":\"ListItem\",\"position\":1,\"name\":\"Home\",\"item\":\"https:\/\/convixio.io\/\"},{\"@type\":\"ListItem\",\"position\":2,\"name\":\"Conditions de paiement r\u00e9current\"}]},{\"@type\":\"WebSite\",\"@id\":\"https:\/\/convixio.io\/#website\",\"url\":\"https:\/\/convixio.io\/\",\"name\":\"Convixio\",\"description\":\"Convertissez vos fichiers en un clin d&#039;oeil\",\"potentialAction\":[{\"@type\":\"SearchAction\",\"target\":{\"@type\":\"EntryPoint\",\"urlTemplate\":\"https:\/\/convixio.io\/?s={search_term_string}\"},\"query-input\":{\"@type\":\"PropertyValueSpecification\",\"valueRequired\":true,\"valueName\":\"search_term_string\"}}],\"inLanguage\":\"es\"}]}<\/script>\n<!-- \/ Yoast SEO plugin. -->","yoast_head_json":{"title":"Conditions de paiement r\u00e9current - Convixio","robots":{"index":"index","follow":"follow","max-snippet":"max-snippet:-1","max-image-preview":"max-image-preview:large","max-video-preview":"max-video-preview:-1"},"canonical":"https:\/\/convixio.io\/es\/conditions-de-paiement-recurrent\/","og_locale":"es_ES","og_type":"article","og_title":"Conditions de paiement r\u00e9current - Convixio","og_description":"Conditions de paiement r\u00e9currentUn fonctionnement simple.Conditions d\u2019abonnement Mise \u00e0 jour r\u00e9cente : 30 mars 2023 JMM PUBLISHING LTD Adresse : 167-169 Great Portland Street, W1W 5PF, Londres Num\u00e9ro d\u2019enregistrement de l\u2019entreprise : 12642117 et num\u00e9ro de TVA : GB 364 3536 90 S\u2019abonner aux services de JMM PUBLISHING LTD offre les privil\u00e8ges suivants : Acc\u00e8s [&hellip;]","og_url":"https:\/\/convixio.io\/es\/conditions-de-paiement-recurrent\/","og_site_name":"Convixio","article_modified_time":"2024-05-15T12:25:24+00:00","twitter_card":"summary_large_image","twitter_misc":{"Tiempo de lectura":"2 minutos"},"schema":{"@context":"https:\/\/schema.org","@graph":[{"@type":"WebPage","@id":"https:\/\/convixio.io\/conditions-de-paiement-recurrent\/","url":"https:\/\/convixio.io\/conditions-de-paiement-recurrent\/","name":"Conditions de paiement r\u00e9current - Convixio","isPartOf":{"@id":"https:\/\/convixio.io\/#website"},"datePublished":"2024-04-18T14:55:14+00:00","dateModified":"2024-05-15T12:25:24+00:00","breadcrumb":{"@id":"https:\/\/convixio.io\/conditions-de-paiement-recurrent\/#breadcrumb"},"inLanguage":"es","potentialAction":[{"@type":"ReadAction","target":["https:\/\/convixio.io\/conditions-de-paiement-recurrent\/"]}]},{"@type":"BreadcrumbList","@id":"https:\/\/convixio.io\/conditions-de-paiement-recurrent\/#breadcrumb","itemListElement":[{"@type":"ListItem","position":1,"name":"Home","item":"https:\/\/convixio.io\/"},{"@type":"ListItem","position":2,"name":"Conditions de paiement r\u00e9current"}]},{"@type":"WebSite","@id":"https:\/\/convixio.io\/#website","url":"https:\/\/convixio.io\/","name":"Convixio","description":"Convierte tus archivos en un abrir y cerrar de ojos","potentialAction":[{"@type":"SearchAction","target":{"@type":"EntryPoint","urlTemplate":"https:\/\/convixio.io\/?s={search_term_string}"},"query-input":{"@type":"PropertyValueSpecification","valueRequired":true,"valueName":"search_term_string"}}],"inLanguage":"es"}]}},"_links":{"self":[{"href":"https:\/\/convixio.io\/es\/wp-json\/wp\/v2\/pages\/4916","targetHints":{"allow":["GET"]}}],"collection":[{"href":"https:\/\/convixio.io\/es\/wp-json\/wp\/v2\/pages"}],"about":[{"href":"https:\/\/convixio.io\/es\/wp-json\/wp\/v2\/types\/page"}],"author":[{"embeddable":true,"href":"https:\/\/convixio.io\/es\/wp-json\/wp\/v2\/users\/1"}],"replies":[{"embeddable":true,"href":"https:\/\/convixio.io\/es\/wp-json\/wp\/v2\/comments?post=4916"}],"version-history":[{"count":12,"href":"https:\/\/convixio.io\/es\/wp-json\/wp\/v2\/pages\/4916\/revisions"}],"predecessor-version":[{"id":5179,"href":"https:\/\/convixio.io\/es\/wp-json\/wp\/v2\/pages\/4916\/revisions\/5179"}],"wp:attachment":[{"href":"https:\/\/convixio.io\/es\/wp-json\/wp\/v2\/media?parent=4916"}],"curies":[{"name":"wp","href":"https:\/\/api.w.org\/{rel}","templated":true}]}}