{"id":4896,"date":"2024-04-18T11:02:12","date_gmt":"2024-04-18T11:02:12","guid":{"rendered":"https:\/\/convert33.com\/?page_id=4896"},"modified":"2024-05-15T12:19:45","modified_gmt":"2024-05-15T12:19:45","slug":"mentions-legales","status":"publish","type":"page","link":"https:\/\/convixio.io\/it\/mentions-legales\/","title":{"rendered":"Informazioni legali"},"content":{"rendered":"<p>[et_pb_section fb_built=\"1\u2033 custom_padding_last_edited=\"on|phone\" module_class=\"legislation_bg_section\" _builder_version=\"4.17.6\u2033 _module_preset=\"default\" width=\"100%\" module_alignment=\"center\" custom_padding=\"||150px|false|false\" custom_padding_tablet=\"||150px|false|false\" custom_padding_phone=\"||60px||false|false\" background_image_phone=\"https:\/\/convixio.io\/wp-content\/uploads\/2024\/03\/Trace-167-1-1.png\" background_enable_image_phone=\"on\" locked=\"off\" collapsed=\"off\" global_colors_info=\"{}\" background_image=\"https:\/\/convixio.io\/wp-content\/uploads\/2024\/03\/Trace-167-1-1.png\" background_last_edited=\"on|phone\" background_position=\"bottom_center\" background_vertical_offset=\"-60px\"][et_pb_row column_structure=\"1_2,1_2\u2033 custom_padding_last_edited=\"on|phone\" _builder_version=\"4.17.6\u2033 _module_preset=\"default\" custom_padding=\"140px||0px|false|false\" custom_padding_tablet=\"140px||0px||false|false\" custom_padding_phone=\"20px||||false|false\" global_colors_info=\"{}\"][et_pb_column type=\"1_2\u2033 _builder_version=\"4.17.6\u2033 _module_preset=\"default\" global_colors_info=\"{}\"][et_pb_text _builder_version=\"4.17.6\u2033 _module_preset=\"default\" text_font=\"Poppins|700|||||||\" text_text_color=\"#226269\u2033 text_font_size=\"65px\" header_2_font=\"Poppins||||||||\" header_2_text_color=\"#226269\u2033 header_2_font_size=\"65px\" header_2_font_size_tablet=\"65px\" header_2_font_size_phone=\"32px\" header_2_font_size_last_edited=\"on|desktop\" global_colors_info=\"{}\" header_font=\"Poppins||||||||\" custom_margin=\"||30px|false|false\" custom_margin_tablet=\"||20px|false|false\" custom_margin_phone=\"||10px|false|false\" custom_margin_last_edited=\"on|phone\" custom_padding=\"||0px|false|false\" hover_enabled=\"0\u2033 sticky_enabled=\"0\u2033]<\/p>\n<h2 class=\"content\" style=\"text-align: center;\">Informazioni legali<\/h2>\n<p>[\/et_pb_text][et_pb_text disabled_on=\"off|off|off\" _builder_version=\"4.17.6\u2033 _module_preset=\"default\" text_font=\"Poppins|300|||||||\" text_text_color=\"#4e4e4e\" text_font_size=\"30px\" text_line_height=\"1. 2em\" text_orientation=\"center\" text_font_size_tablet=\"30px\" text_font_size_phone=\"20px\" text_font_size_last_ededed=\"20px\".2em\" text_orientation=\"center\" text_font_size_tablet=\"30px\" text_font_size_phone=\"20px\" text_font_size_last_edited=\"on|phone\" global_colors_info=\"{}\" module_class=\"terif-text\" max_width=\"640px\" max_width_tablet=\"640px\" max_width_phone=\"640px\" max_width_last_edited=\"on|phone\" module_alignment=\"center\" custom_margin=\"||50px||false|false\" custom_margin_tablet=\"||40px|false|false\" custom_margin_phone=\"||40px|false|false\" custom_margin_last_edited=\"on|phone\"]Operazione semplice.[et_pb_text][\/et_pb_column][et_pb_column type=\"1_2\u2033 _builder_version=\"4.17.6\u2033 _module_preset=\"default\" background_enable_image=\"off\" background_size=\"contain\" background_position=\"bottom_right\" custom_padding=\"||||true|false\" custom_padding_tablet=\"100px||||false|false\" custom_padding_phone=\"40px||||false|false\" custom_padding_last_edited=\"on|tablet\" global_colors_info=\"{}\"][et_pb_divider show_divider=\"off\" disabled_on=\"off|off|off\" _builder_version=\"4.17.6\u2033 _module_preset=\"default\" global_colors_info=\"{}\"][\/et_pb_divider][et_pb_image src=\"https:\/\/convixio.io\/wp-content\/uploads\/2024\/03\/Taches0.png\" alt=\"Taches0\u2033 title_text=\"Taches0\u2033 align=\"right\" _builder_version=\"4.17.6\u2033 _module_preset=\"default\" max_width_tablet=\"\" max_width_phone=\"314px\" max_width_last_edited=\"on|phone\" max_height_tablet=\"\" max_height_phone=\"199px\" max_height_last_edited=\"on|phone\" global_colors_info=\"{}\"][\/et_pb_image][\/et_pb_column][\/et_pb_row][\/et_pb_section][et_pb_section fb_built=\"1\u2033 custom_padding_last_edited=\"on|phone\" _builder_version=\"4.17.6\u2033 _module_preset=\"default\" custom_padding=\"||54px||false|false\" custom_padding_tablet=\"||54px||false|false\" custom_padding_phone=\"0px||50px||false|false\" global_colors_info=\"{}\"][et_pb_row _builder_version=\"4.17.6\u2033 _module_preset=\"default\" global_colors_info=\"{}\" custom_padding=\"0px||||false|false\"][et_pb_column type=\"4_4\u2033 _builder_version=\"4.17.6\u2033 _module_preset=\"default\" global_colors_info=\"{}\"][et_pb_text module_class=\"section-legal\" _builder_version=\"4.17.6\u2033 _module_preset=\"default\" text_font=\"Poppins|300|||||||\" text_font_size=\"18px\" header_font=\"Poppins||||||||\" header_font_size=\"26px\" text_font_size_tablet=\"\" text_font_size_phone=\"16px\" text_font_size_last_edited=\"on|phone\" locked=\"off\" global_colors_info=\"{}\"]<\/p>\n<h3><span>Preambolo<\/span><\/h3>\n<p>Ultimo aggiornamento: 26 marzo 2024<\/p>\n<p><strong>JMM PUBLISHING LTD<br \/>167-169 Great Portland Street W1W 5PF Londra<br \/>Numero di societ\u00e0 12642117 e partita IVA. GB 364 3536 90<\/strong><\/p>\n<p>Continuare ad accedere e utilizzare il nostro sito web <a href=\"https:\/\/convixio.io\/it\/\">https:\/\/convixio.io\/<\/a> (di seguito, il \"Sito\") presuppone che le persone che visitano il Sito (di seguito, gli \"Utenti\") accettino integralmente i Termini e le Condizioni d'uso di seguito riportati (di seguito, le \"CDU\"). Gli utenti devono dichiarare di aver letto i presenti Termini e Condizioni e di accettarli prima di utilizzare i servizi offerti dal nostro Sito.<\/p>\n<p>Solo la versione delle CGU attualmente online \u00e8 considerata valida per l'intero periodo di utilizzo del Sito, fino a quando non viene sostituita da una versione successiva.<\/p>\n<p>Il Sito \u00e8 gestito da JMM PUBLISHING LTD (qui indicato come \"il Venditore\"), che pu\u00f2 modificare le presenti condizioni a sua discrezione. La prosecuzione della navigazione sul nostro Sito dopo un aggiornamento delle CGU costituisce un'accettazione vincolante delle CGU modificate da parte dell'Utente. Se le attuali CGU non sono adatte all'Utente, quest'ultimo \u00e8 invitato a cessare ogni utilizzo del Sito.<\/p>\n<h3><span>Articolo 1 - Glossario<\/span><\/h3>\n<p>Sulla nostra piattaforma web, le seguenti espressioni sono definite come segue:<\/p>\n<ul>\n<li><strong>Contenuto<\/strong> Contenuto: corrisponde a tutti i componenti che costituiscono il contenuto accessibile sul nostro sito (testo, immagini, video, algoritmi, software, widget, ecc.). Questi contenuti svolgono diverse funzioni, tra cui garantire il buon funzionamento del sito, informare gli utenti e presentare le nostre offerte.<\/li>\n<li><strong>Diritti di propriet\u00e0 intellettuale<\/strong> Propriet\u00e0 intellettuale: comprende tutti i diritti di propriet\u00e0 intellettuale e i diritti correlati (diritti d'autore, marchi, brevetti, nomi commerciali, banche dati, ecc.), protetti dalla legislazione del 2000 sul diritto d'autore e sui diritti correlati, in vigore al momento della visita dell'Utente al sito.<\/li>\n<li><strong>Caratteristiche<\/strong> Si riferisce a tutti i servizi e le opzioni offerti agli Utenti tramite il nostro sito.<\/li>\n<li><strong>Sito web<\/strong> Si riferisce al sito web <a href=\"https:\/\/convixio.io\/it\/\">https:\/\/convixio.io\/<\/a>gestiti dal Venditore e accessibili agli Utenti.<\/li>\n<li><strong>Utente<\/strong> Qualsiasi persona che navighi sul nostro sito e acceda ai suoi contenuti.<\/li>\n<\/ul>\n<h3><span>Articolo 2 - Informazioni legali<\/span><\/h3>\n<p>Ai sensi del Regolamento (UE) 2016\/679 del Parlamento Europeo e del Consiglio del 27 aprile 2016 relativo alla protezione delle persone fisiche con riguardo al trattamento dei dati personali, nonch\u00e9 alla libera circolazione di tali dati, si comunicano agli Utenti del nostro Sito le seguenti informazioni relative ai vari soggetti coinvolti nella sua creazione e gestione:<\/p>\n<p>Questo sito web, convixio.io, \u00e8 gestito da :<\/p>\n<ul>\n<li>Nome della societ\u00e0: Data-Hope<\/li>\n<li>Numero di societ\u00e0 registrato: B16685935<\/li>\n<li>Partita IVA: ESB16685935<\/li>\n<li>Indirizzo: Pau Casals 10 Atico 4, 08021 Barcellona, Spagna<\/li>\n<\/ul>\n<p>Ospitato da Namecheap, Inc, 4600 East Washington Street, Suite 305, Phoenix, AZ 85034, USA. Ulteriori informazioni sono disponibili all'indirizzo <a href=\"https:\/\/www.namecheap.com\/\">https:\/\/www.namecheap.com\/<\/a>.<\/p>\n<h3><span>Articolo 3 - Protezione dei dati personali<\/span><\/h3>\n<p>Durante l'accesso e l'utilizzo del nostro Sito, trattiamo alcuni dati personali relativi all'Utente. Questo trattamento viene effettuato in conformit\u00e0 alla Legislazione sulla Protezione dei Dati 2018, nonch\u00e9 in conformit\u00e0 alla nostra Informativa sulla Protezione dei Dati, accessibile tramite il seguente link: <a href=\"https:\/\/convixio.io\/it\/politique-de-confidentialite\/\">https:\/\/convixio.io\/politique-de-confidentialite\/<\/a><\/p>\n<h3><span>Articolo 4 - Accessibilit\u00e0 del sito<\/span><\/h3>\n<p>L'accesso e l'utilizzo di questo Sito avviene esclusivamente per scopi personali. L'Utente si impegna a non sfruttare il Sito e le informazioni o i dati in esso contenuti per scopi commerciali, politici o pubblicitari, compresa qualsiasi forma di propaganda commerciale, come l'invio di e-mail non richieste.<\/p>\n<p>Solo i maggiorenni sono autorizzati ad accedere al Sito. Il Venditore si riserva il diritto di richiedere una prova dell'et\u00e0, in particolare per gli utenti dei servizi di ordinazione online. Il Venditore non sar\u00e0 responsabile in caso di accesso al Sito da parte di minori o in caso di informazioni errate o fuorvianti fornite dagli utenti sul Sito.<\/p>\n<p>Gli utenti sono responsabili della fornitura delle risorse informatiche e di telecomunicazione necessarie per accedere al Sito. Sono inoltre responsabili dei costi di telecomunicazione sostenuti per l'accesso a Internet per l'utilizzo del Sito.<\/p>\n<h3><span>Articolo 5 - Descrizione dei servizi forniti<\/span><\/h3>\n<p>Ci impegniamo a fornire informazioni il pi\u00f9 possibile accurate. Tuttavia, non possiamo essere ritenuti responsabili per eventuali omissioni, imprecisioni o mancato aggiornamento delle informazioni. Tutte le informazioni contenute nel Sito sono fornite a titolo puramente informativo, senza alcuna pretesa di completezza, e possono essere soggette a modifiche dopo la pubblicazione.<\/p>\n<h3><span>Articolo 6 - Propriet\u00e0 intellettuale<\/span><\/h3>\n<p>6.1 La nostra piattaforma<\/p>\n<p>I vari elementi del Sito, tra cui, a titolo esemplificativo e non esaustivo, i marchi, le fotografie, i testi, i commenti, le illustrazioni, le immagini, i video, i suoni, nonch\u00e9 tutte le applicazioni informatiche che possono essere utilizzate per il funzionamento del Sito e, pi\u00f9 in generale, tutti gli elementi riprodotti o utilizzati sul Sito, sono protetti dalle vigenti leggi sulla propriet\u00e0 intellettuale e appartengono interamente al Venditore o ai suoi partner. \u00c8 formalmente vietata la riproduzione, la rappresentazione, l'utilizzo o l'adattamento, in qualsiasi forma, di tutti o parte di questi elementi, comprese le applicazioni informatiche, senza aver ottenuto l'autorizzazione scritta del titolare dei diritti. La mancata adozione di misure legali da parte dell'editore subito dopo essere venuto a conoscenza di tale uso non autorizzato non costituisce un'accettazione di tale uso o una rinuncia al diritto di intraprendere azioni legali.<\/p>\n<p>Gli utenti del Sito si asterranno in particolare da:<\/p>\n<ul>\n<li>Copiare, riprodurre, rappresentare, trasmettere, distribuire o pubblicare, in modo permanente o temporaneo, il contenuto del Sito o parte di esso con qualsiasi mezzo e in qualsiasi forma.<\/li>\n<li>Creare opere derivate dal contenuto del Sito.<\/li>\n<li>Modificare, tradurre, adattare o organizzare tutto o parte del contenuto del Sito.<\/li>\n<li>Disassemblare, decompilare o decodificare tutto o parte del Sito.<\/li>\n<\/ul>\n<p>Gli utenti sono gli unici responsabili del modo in cui utilizzano il Sito. Qualsiasi uso non autorizzato del Sito o del suo contenuto \u00e8 considerato una violazione delle leggi sulla protezione della propriet\u00e0 intellettuale.<\/p>\n<p>6.2 Il nostro marchio<\/p>\n<p>I marchi, sia verbali che visivi (logo), appartenenti al Venditore e a JMM PUBLISHING LTD, sono protetti. Il loro utilizzo senza la preventiva autorizzazione scritta del Venditore o dei suoi partner, per qualsiasi scopo, in particolare per scopi commerciali o per promuovere prodotti o servizi, \u00e8 severamente vietato ed esporr\u00e0 l'utente e\/o i terzi responsabili a procedimenti penali e civili.<\/p>\n<p>6.3 Contenuto<\/p>\n<p>Sebbene il contenuto sia liberamente accessibile sul Sito, ci\u00f2 non costituisce in alcun modo un trasferimento di diritti d'autore o di propriet\u00e0 su tale contenuto. Essi rimangono di propriet\u00e0 esclusiva del Venditore e dei suoi collaboratori.<\/p>\n<p>Gli utenti sono tenuti a non intraprendere alcuna azione che violi il diritto d'autore, i diritti di propriet\u00e0 intellettuale o altre leggi britanniche e internazionali sulla propriet\u00e0 intellettuale. Il Venditore e i suoi collaboratori si riservano il diritto di intraprendere azioni legali contro qualsiasi utente che violi le presenti CDU.<\/p>\n<h3><span>Articolo 7 - Gestione del sito<\/span><\/h3>\n<p>La nostra piattaforma \u00e8 generalmente accessibile agli utenti in qualsiasi momento. Tuttavia, il Venditore si riserva il diritto, per la gestione ottimale del sito, di :<\/p>\n<ul>\n<li>sospendere, interrompere o limitare l'accesso a tutte o ad alcune parti del sito, per qualsiasi motivo e senza giustificazione, a propria discrezione.<\/li>\n<li>Cancellare qualsiasi dato che possa ostacolare il suo corretto funzionamento, a sua esclusiva discrezione e senza preavviso.<\/li>\n<li>Mettere in pausa il sito per aggiornamenti tecnici o di altro tipo.<\/li>\n<\/ul>\n<p>Il Venditore si impegna a informare gli utenti, per quanto possibile, delle date e degli orari di questi interventi. Tuttavia, non pu\u00f2 essere ritenuto responsabile se queste informazioni non vengono fornite.<\/p>\n<h3><span>Articolo 8 - Responsabilit\u00e0<\/span><\/h3>\n<p>Il Venditore si adopera per garantire la disponibilit\u00e0 del sito 24 ore al giorno, 7 giorni alla settimana. Tuttavia, l'accesso continuo e privo di errori al sito non \u00e8 garantito e il Venditore non pu\u00f2 essere ritenuto responsabile in caso di indisponibilit\u00e0 o interruzione dell'accesso al sito e alle sue funzioni.<\/p>\n<p>\u00c8 inoltre importante notare che il Venditore e il provider di hosting non sono responsabili di problemi di connessione dovuti a problemi di rete Internet, linee telefoniche o apparecchiature informatiche che potrebbero impedire l'accesso al sito.<\/p>\n<p>Per quanto riguarda le responsabilit\u00e0 legali, gli utenti sono gli unici responsabili dell'utilizzo del sito e devono rispettare i presenti Termini e Condizioni d'uso. Il Venditore declina ogni responsabilit\u00e0 per qualsiasi pregiudizio derivante dall'uso del sito o dalla sua non conformit\u00e0 alle CGU.<\/p>\n<p>Per quanto riguarda l'attrezzatura utilizzata per accedere al sito, \u00e8 interamente responsabilit\u00e0 dell'utente assicurarsi che la propria attrezzatura sia sicura, aggiornata e priva di virus. Il Venditore non \u00e8 responsabile di eventuali danni che possano verificarsi alle apparecchiature o ai dati dell'utente durante l'accesso al sito. Inoltre, il Venditore non sar\u00e0 responsabile per eventuali perdite indirette, come la perdita di affari o di opportunit\u00e0, derivanti dall'uso del Sito.<\/p>\n<h3><span>Articolo 9 - Fotografie e rappresentazione di prodotti e servizi<\/span><\/h3>\n<p>Le fotografie presenti sul Sito, che accompagnano la loro descrizione, non hanno valore contrattuale e non sono vincolanti per il Venditore.<\/p>\n<h3><span>Articolo 10 - Collegamenti ipertestuali<\/span><\/h3>\n<p>Gli utenti possono creare collegamenti ipertestuali che puntano a tutto o a parte del sito, a condizione di aver ricevuto una preventiva autorizzazione scritta da parte di JMM PUBLISHING LTD, che pu\u00f2 essere richiesta via e-mail a contact.convixio@gmail.com.<\/p>\n<p>Il proprietario del sito si riserva il diritto di rifiutare l'autorizzazione senza fornire alcuna motivazione. Se l'autorizzazione viene concessa, essa rimane provvisoria e pu\u00f2 essere annullata in qualsiasi momento senza alcuna giustificazione, richiedendo l'immediata rimozione di qualsiasi link stabilito, su semplice richiesta del proprietario del sito.<\/p>\n<p>Sebbene il sito includa collegamenti ipertestuali ad altri siti web con l'approvazione del proprietario, \u00e8 importante notare che la nostra azienda non \u00e8 in grado di controllare il contenuto di questi siti esterni e pertanto declina ogni responsabilit\u00e0 per il loro contenuto.<\/p>\n<h3><span>Articolo 11 - Nullit\u00e0 parziale<\/span><\/h3>\n<p>Il fatto che JMM PUBLISHING LTD non invochi temporaneamente una o pi\u00f9 delle condizioni stipulate nel presente documento non deve in alcun modo essere percepito come una rinuncia al diritto di invocare tali condizioni in qualsiasi momento.<\/p>\n<p>Nel caso in cui una o pi\u00f9 clausole delle presenti condizioni generali siano ritenute nulle, invalide o inapplicabili in virt\u00f9 di una legge, di un regolamento o di una decisione giudiziaria divenuta esecutiva, le altre clausole rimarranno in vigore e continueranno ad avere pieno e completo effetto.<\/p>\n<h3><span>Articolo 12 - Lingua<\/span><\/h3>\n<p>Se queste CGU sono tradotte in una o pi\u00f9 lingue, la lingua di interpretazione sar\u00e0 l'inglese.<\/p>\n<h3><span>Articolo 13 - Legge applicabile<\/span><\/h3>\n<p>I presenti Termini e condizioni del sito sono disciplinati dalla legge inglese e - in caso di controversia - sono soggetti alla giurisdizione esclusiva dei tribunali ordinari competenti, fatta salva una specifica attribuzione di giurisdizione derivante da una particolare legge o regolamento.<\/p>\n<h3><span>Articolo 14 - Contatti<\/span><\/h3>\n<p>Per qualsiasi domanda o informazione sui Servizi presentati sul Sito, o sul Sito stesso, gli Utenti possono lasciare un messaggio al seguente indirizzo: contact.convixio@gmail.com.<\/p>\n<p>[\/et_pb_text][\/et_pb_column][\/et_pb_row][\/et_pb_section]<\/p>","protected":false},"excerpt":{"rendered":"<p>Mentions l\u00e9galesUn fonctionnement simple.Pr\u00e9ambule Derni\u00e8re mise \u00e0 jour effectu\u00e9e le : 26 mars 2024 JMM PUBLISHING LTD167-169 Great Portland Street W1W 5PF LondonNum\u00e9ro de soci\u00e9t\u00e9 12642117 et VAT. GB 364 3536 90 L\u2019acc\u00e8s continu et l\u2019utilisation de notre site web https:\/\/convixio.io\/ (ci-apr\u00e8s, le \u00ab Site \u00bb) pr\u00e9supposent que les personnes visitant le Site (ci-apr\u00e8s, les [&hellip;]<\/p>","protected":false},"author":1,"featured_media":0,"parent":0,"menu_order":0,"comment_status":"closed","ping_status":"closed","template":"","meta":{"_et_pb_use_builder":"on","_et_pb_old_content":"","_et_gb_content_width":"","footnotes":""},"class_list":["post-4896","page","type-page","status-publish","hentry"],"yoast_head":"<!-- This site is optimized with the Yoast SEO plugin v26.0 - https:\/\/yoast.com\/wordpress\/plugins\/seo\/ -->\n<title>Mentions l\u00e9gales - Convixio<\/title>\n<meta name=\"robots\" content=\"index, follow, max-snippet:-1, max-image-preview:large, max-video-preview:-1\" \/>\n<link rel=\"canonical\" href=\"https:\/\/convixio.io\/it\/mentions-legales\/\" \/>\n<meta property=\"og:locale\" content=\"it_IT\" \/>\n<meta property=\"og:type\" content=\"article\" \/>\n<meta property=\"og:title\" content=\"Mentions l\u00e9gales - Convixio\" \/>\n<meta property=\"og:description\" content=\"Mentions l\u00e9galesUn fonctionnement simple.Pr\u00e9ambule Derni\u00e8re mise \u00e0 jour effectu\u00e9e le : 26 mars 2024 JMM PUBLISHING LTD167-169 Great Portland Street W1W 5PF LondonNum\u00e9ro de soci\u00e9t\u00e9 12642117 et VAT. GB 364 3536 90 L\u2019acc\u00e8s continu et l\u2019utilisation de notre site web https:\/\/convixio.io\/ (ci-apr\u00e8s, le \u00ab Site \u00bb) pr\u00e9supposent que les personnes visitant le Site (ci-apr\u00e8s, les [&hellip;]\" \/>\n<meta property=\"og:url\" content=\"https:\/\/convixio.io\/it\/mentions-legales\/\" \/>\n<meta property=\"og:site_name\" content=\"Convixio\" \/>\n<meta property=\"article:modified_time\" content=\"2024-05-15T12:19:45+00:00\" \/>\n<meta name=\"twitter:card\" content=\"summary_large_image\" \/>\n<meta name=\"twitter:label1\" content=\"Tempo di lettura stimato\" \/>\n\t<meta name=\"twitter:data1\" content=\"16 minuti\" \/>\n<script type=\"application\/ld+json\" class=\"yoast-schema-graph\">{\"@context\":\"https:\/\/schema.org\",\"@graph\":[{\"@type\":\"WebPage\",\"@id\":\"https:\/\/convixio.io\/mentions-legales\/\",\"url\":\"https:\/\/convixio.io\/mentions-legales\/\",\"name\":\"Mentions l\u00e9gales - Convixio\",\"isPartOf\":{\"@id\":\"https:\/\/convixio.io\/#website\"},\"datePublished\":\"2024-04-18T11:02:12+00:00\",\"dateModified\":\"2024-05-15T12:19:45+00:00\",\"breadcrumb\":{\"@id\":\"https:\/\/convixio.io\/mentions-legales\/#breadcrumb\"},\"inLanguage\":\"it-IT\",\"potentialAction\":[{\"@type\":\"ReadAction\",\"target\":[\"https:\/\/convixio.io\/mentions-legales\/\"]}]},{\"@type\":\"BreadcrumbList\",\"@id\":\"https:\/\/convixio.io\/mentions-legales\/#breadcrumb\",\"itemListElement\":[{\"@type\":\"ListItem\",\"position\":1,\"name\":\"Home\",\"item\":\"https:\/\/convixio.io\/\"},{\"@type\":\"ListItem\",\"position\":2,\"name\":\"Mentions l\u00e9gales\"}]},{\"@type\":\"WebSite\",\"@id\":\"https:\/\/convixio.io\/#website\",\"url\":\"https:\/\/convixio.io\/\",\"name\":\"Convixio\",\"description\":\"Convertissez vos fichiers en un clin d&#039;oeil\",\"potentialAction\":[{\"@type\":\"SearchAction\",\"target\":{\"@type\":\"EntryPoint\",\"urlTemplate\":\"https:\/\/convixio.io\/?s={search_term_string}\"},\"query-input\":{\"@type\":\"PropertyValueSpecification\",\"valueRequired\":true,\"valueName\":\"search_term_string\"}}],\"inLanguage\":\"it-IT\"}]}<\/script>\n<!-- \/ Yoast SEO plugin. -->","yoast_head_json":{"title":"Mentions l\u00e9gales - Convixio","robots":{"index":"index","follow":"follow","max-snippet":"max-snippet:-1","max-image-preview":"max-image-preview:large","max-video-preview":"max-video-preview:-1"},"canonical":"https:\/\/convixio.io\/it\/mentions-legales\/","og_locale":"it_IT","og_type":"article","og_title":"Mentions l\u00e9gales - Convixio","og_description":"Mentions l\u00e9galesUn fonctionnement simple.Pr\u00e9ambule Derni\u00e8re mise \u00e0 jour effectu\u00e9e le : 26 mars 2024 JMM PUBLISHING LTD167-169 Great Portland Street W1W 5PF LondonNum\u00e9ro de soci\u00e9t\u00e9 12642117 et VAT. GB 364 3536 90 L\u2019acc\u00e8s continu et l\u2019utilisation de notre site web https:\/\/convixio.io\/ (ci-apr\u00e8s, le \u00ab Site \u00bb) pr\u00e9supposent que les personnes visitant le Site (ci-apr\u00e8s, les [&hellip;]","og_url":"https:\/\/convixio.io\/it\/mentions-legales\/","og_site_name":"Convixio","article_modified_time":"2024-05-15T12:19:45+00:00","twitter_card":"summary_large_image","twitter_misc":{"Tempo di lettura stimato":"16 minuti"},"schema":{"@context":"https:\/\/schema.org","@graph":[{"@type":"WebPage","@id":"https:\/\/convixio.io\/mentions-legales\/","url":"https:\/\/convixio.io\/mentions-legales\/","name":"Mentions l\u00e9gales - Convixio","isPartOf":{"@id":"https:\/\/convixio.io\/#website"},"datePublished":"2024-04-18T11:02:12+00:00","dateModified":"2024-05-15T12:19:45+00:00","breadcrumb":{"@id":"https:\/\/convixio.io\/mentions-legales\/#breadcrumb"},"inLanguage":"it-IT","potentialAction":[{"@type":"ReadAction","target":["https:\/\/convixio.io\/mentions-legales\/"]}]},{"@type":"BreadcrumbList","@id":"https:\/\/convixio.io\/mentions-legales\/#breadcrumb","itemListElement":[{"@type":"ListItem","position":1,"name":"Home","item":"https:\/\/convixio.io\/"},{"@type":"ListItem","position":2,"name":"Mentions l\u00e9gales"}]},{"@type":"WebSite","@id":"https:\/\/convixio.io\/#website","url":"https:\/\/convixio.io\/","name":"Convixio","description":"Convertire i file in un batter d'occhio","potentialAction":[{"@type":"SearchAction","target":{"@type":"EntryPoint","urlTemplate":"https:\/\/convixio.io\/?s={search_term_string}"},"query-input":{"@type":"PropertyValueSpecification","valueRequired":true,"valueName":"search_term_string"}}],"inLanguage":"it-IT"}]}},"_links":{"self":[{"href":"https:\/\/convixio.io\/it\/wp-json\/wp\/v2\/pages\/4896","targetHints":{"allow":["GET"]}}],"collection":[{"href":"https:\/\/convixio.io\/it\/wp-json\/wp\/v2\/pages"}],"about":[{"href":"https:\/\/convixio.io\/it\/wp-json\/wp\/v2\/types\/page"}],"author":[{"embeddable":true,"href":"https:\/\/convixio.io\/it\/wp-json\/wp\/v2\/users\/1"}],"replies":[{"embeddable":true,"href":"https:\/\/convixio.io\/it\/wp-json\/wp\/v2\/comments?post=4896"}],"version-history":[{"count":12,"href":"https:\/\/convixio.io\/it\/wp-json\/wp\/v2\/pages\/4896\/revisions"}],"predecessor-version":[{"id":5174,"href":"https:\/\/convixio.io\/it\/wp-json\/wp\/v2\/pages\/4896\/revisions\/5174"}],"wp:attachment":[{"href":"https:\/\/convixio.io\/it\/wp-json\/wp\/v2\/media?parent=4896"}],"curies":[{"name":"wp","href":"https:\/\/api.w.org\/{rel}","templated":true}]}}